
{"id":82562,"date":"2026-03-19T11:27:05","date_gmt":"2026-03-19T11:27:05","guid":{"rendered":"https:\/\/elicromchile.com\/?post_type=product&#038;p=82562"},"modified":"2026-03-19T11:27:05","modified_gmt":"2026-03-19T11:27:05","slug":"33956","status":"publish","type":"product","link":"https:\/\/elicromchile.com\/?product=33956","title":{"rendered":"Son\u00f3metro analizador tipo 1,  22 dBA a 136 dBA"},"content":{"rendered":"<p>El equipo ELICROM 308 es un son\u00f3metro clase 1, analizador de espectro en tiempo real con  bandas de 1\/1 y 1\/3 de octava,  portable, robusto y  de  f\u00e1cil manejo.  Mide todas las funciones simult\u00e1neamente con todas las ponderaciones necesarias para calcular los \u00edndices b\u00e1sicos de evaluaci\u00f3n ac\u00fastica seg\u00fan los requerimientos de la norma ISO 1996 PARTES 1 Y 2.<br \/>\nA solicitud del cliente, se puede suministrar (precio adicional) con certificado de calibraci\u00f3n acreditado ISO  17025 por A2LA,<br \/>\ntambi\u00e9n se puede suministrar  (precio adicional) con un calibrador ac\u00fastico clase, se suministra en un estuche pl\u00e1stico acolchado.<br \/>\nGarant\u00eda: 1 a\u00f1o para defectos de f\u00e1brica (reposici\u00f3n inmediata)<\/p>\n<p>Especificaciones:  <\/p>\n<p>-Presi\u00f3n: Clase 1<br \/>\n-Normas: GB\/T 3785.1 &#8211; 2010, IEC 60651: 1979, IEC 60804: 2000, IEC 61672 &#8211; 1:2013, ANSI S1.4 &#8211; 1983, ANSI S1.43 &#8211; 1997.<br \/>\n-Rango: 22 dB(A) a 136 dB(A). Octava: 30 dB a 136 dB<br \/>\n-Bandas: 1\/1 Octava en tiempo real: 8 Hz a 16 kHz en tiempo real de 1\/3 de octava: 6,3 Hz a 20 kHz GB\/T 3241 &#8211; 2010, IEC 61260 &#8211; 1:2014, ANSI S1.11-2004 Sistema de base 10.<br \/>\n-Micr\u00f3fono: MPA231T: Micr\u00f3fono de medici\u00f3n prepolorizado de \u00bd\u201d, Clase 1.<br \/>\n-Sensibilidad: 40M v\/Pa.<br \/>\n-Rango de frecuencia: 3 Hz a 20 kHz<br \/>\n-Interfaz de micr\u00f3fono: Conector TNC con fuente de alimentaci\u00f3n ICCP (4mA)<br \/>\n-Periodo de integraci\u00f3n: 1s a 24h periodo integral definido por el usuario. Tiempo de repetici\u00f3n: 1-9999<br \/>\n-Funciones de medici\u00f3n:  LXY(SPL), LXeq, LXYSD, LXSEL, LXE, LXYm\u00e1x, LXYmin, LXPeak, LXN.<br \/>\nX es la ponderaci\u00f3n de la frecuencia: A, B, C, Z;<br \/>\nY es la ponderaci\u00f3n frecuencial: F, S, I;<br \/>\nN es el porcentaje estad\u00edstico: 1~99.3 perfiles y 14 personalizaciones.<br \/>\n-Ponderaci\u00f3n de la frecuencia: Simultaneo A, B, C, Z tambi\u00e9n se puede aplicar a 1\/1 y 1\/3 de octava.<br \/>\n-Ponderaci\u00f3n del tiempo: Detecci\u00f3n paralela de F, S, I y pico.<br \/>\n-Frecuencia de respuesta: 10Hz a 20kHz<br \/>\n-Rango din\u00e1mico: 123 dB a 13 dB (A) 136 dB (A))<br \/>\n-Rango de peak: 47 dB a 139 dB<br \/>\n-Pantalla LCD: 160 x 160 con luz de fondo blanca, nivel de contraste de 14 pasos, frecuencia de actualizaci\u00f3n de la pantalla de 1s.<br \/>\n-Almacenamiento de datos: Tarjeta MicroSD 4G (Tarjeta TF).<br \/>\n-Procesamiento: El software de procesamiento VA-SLM puede leer, analizar y generar informes de los datos del almacenamiento.<br \/>\n-Exportaci\u00f3n de datos: Conexi\u00f3n directa al ordenador para leer la tarjeta de almacenamiento.<br \/>\n-Salida de CA (m\u00e1x. 5 VRMS \u00b1 15 mA), salida de CC (10 mV\/dB, m\u00e1x.15 mA), interfaz serie RS-232 y USB (modo disco USB o modo m\u00f3dem).<br \/>\n-Fuente de alimentaci\u00f3n: 4 pilas alcalinas de 1,5 V (LR6\/AA\/AM3), uso sostenible de aprox. 10 horas (depende de bater\u00edas). Tambi\u00e9n se puede alimentar con corriente continua externa (7V a 14V, 500 mA) y con corriente USB (5V 1A).<br \/>\n-Condiciones de funcionamiento: Temperatura: -10 \u00b0C a 50 \u00b0C, Humedad: 20% a 90% RH.<\/p>\n<p>Caracter\u00edsticas:<br \/>\n\u2022Cumple con la norma IEC 61672 &#8211; 1:2013, ANSI S1.4 &#8211; 1983 y ANSI S1.43 &#8211; 1997.<br \/>\n\u2022Tiempo real 1\/1 y 1\/3 de octava de acuerdo con la norma IEC 61260 &#8211; 1:2014 y ANSI S1.11 &#8211; 2004.<br \/>\n\u2022Rango de linealidad: 22 dBA a 136 dBA.<br \/>\n\u2022Ponderaci\u00f3n de la frecuencia: A\/ B\/ C\/ Z.<br \/>\n\u20223 Perfiles y 14 mediciones definidas a medida se calculas en paralelo con diferentes ponderaciones  de frecuencia tiempo.<br \/>\n\u2022Ponderaci\u00f3n de tiempo: R\u00e1pido (Fast), Lento (slow), Impulsivo (impulse).<br \/>\n\u2022Calcula SPL, LEQ, Max, Min, Peak, SD, SEL, E.<br \/>\n\u2022Medici\u00f3n del periodo integral definida por el usuario, periodo integral de hasta 24 horas.<br \/>\n\u2022Tarjeta MicroSD 4G (Tarjeta TF) de almacenamiento masivo.<br \/>\n\u2022Puerto de control remoto RS &#8211; 232.<\/p>\n","protected":false},"excerpt":{"rendered":"<p>El equipo ELICROM 308 es un son\u00f3metro clase 1, analizador de espectro en tiempo real con bandas de 1\/1 y 1\/3 de octava, portable, robusto y de f\u00e1cil manejo. Mide<\/p>\n","protected":false},"featured_media":82571,"comment_status":"open","ping_status":"closed","template":"","meta":[],"product_brand":[],"product_cat":[2074,2081],"product_tag":[],"class_list":{"0":"post-82562","1":"product","2":"type-product","3":"status-publish","4":"has-post-thumbnail","6":"product_cat-productos9-iso-17025","7":"product_cat-sonmetros1_19032026112611","9":"first","10":"outofstock","11":"taxable","12":"shipping-taxable","13":"purchasable","14":"product-type-simple"},"yoast_head":"<!-- This site is optimized with the Yoast SEO plugin v27.4 - https:\/\/yoast.com\/product\/yoast-seo-wordpress\/ -->\n<title>Son\u00f3metro analizador tipo 1, 22 dBA a 136 dBA - ELICROM<\/title>\n<meta name=\"robots\" content=\"index, follow, max-snippet:-1, max-image-preview:large, max-video-preview:-1\" \/>\n<link rel=\"canonical\" href=\"https:\/\/elicromchile.com\/?product=33956\" \/>\n<meta property=\"og:locale\" content=\"es_ES\" \/>\n<meta property=\"og:type\" content=\"article\" \/>\n<meta property=\"og:title\" content=\"Son\u00f3metro analizador tipo 1, 22 dBA a 136 dBA - ELICROM\" \/>\n<meta property=\"og:description\" content=\"El equipo ELICROM 308 es un son\u00f3metro clase 1, analizador de espectro en tiempo real con bandas de 1\/1 y 1\/3 de octava, portable, robusto y de f\u00e1cil manejo. Mide\" \/>\n<meta property=\"og:url\" content=\"https:\/\/elicromchile.com\/?product=33956\" \/>\n<meta property=\"og:site_name\" content=\"ELICROM\" \/>\n<meta property=\"og:image\" content=\"https:\/\/elicromchile.com\/wp-content\/uploads\/2026\/03\/33956-0.png\" \/>\n\t<meta property=\"og:image:width\" content=\"800\" \/>\n\t<meta property=\"og:image:height\" content=\"800\" \/>\n\t<meta property=\"og:image:type\" content=\"image\/png\" \/>\n<meta name=\"twitter:card\" content=\"summary_large_image\" \/>\n<meta name=\"twitter:label1\" content=\"Est. reading time\" \/>\n\t<meta name=\"twitter:data1\" content=\"3 minutos\" \/>\n<script type=\"application\/ld+json\" class=\"yoast-schema-graph\">{\"@context\":\"https:\\\/\\\/schema.org\",\"@graph\":[{\"@type\":\"WebPage\",\"@id\":\"https:\\\/\\\/elicromchile.com\\\/?product=33956\",\"url\":\"https:\\\/\\\/elicromchile.com\\\/?product=33956\",\"name\":\"Son\u00f3metro analizador tipo 1, 22 dBA a 136 dBA - ELICROM\",\"isPartOf\":{\"@id\":\"https:\\\/\\\/elicromchile.com\\\/#website\"},\"primaryImageOfPage\":{\"@id\":\"https:\\\/\\\/elicromchile.com\\\/?product=33956#primaryimage\"},\"image\":{\"@id\":\"https:\\\/\\\/elicromchile.com\\\/?product=33956#primaryimage\"},\"thumbnailUrl\":\"https:\\\/\\\/elicromchile.com\\\/wp-content\\\/uploads\\\/2026\\\/03\\\/33956-0.png\",\"datePublished\":\"2026-03-19T11:27:05+00:00\",\"breadcrumb\":{\"@id\":\"https:\\\/\\\/elicromchile.com\\\/?product=33956#breadcrumb\"},\"inLanguage\":\"es\",\"potentialAction\":[{\"@type\":\"ReadAction\",\"target\":[\"https:\\\/\\\/elicromchile.com\\\/?product=33956\"]}]},{\"@type\":\"ImageObject\",\"inLanguage\":\"es\",\"@id\":\"https:\\\/\\\/elicromchile.com\\\/?product=33956#primaryimage\",\"url\":\"https:\\\/\\\/elicromchile.com\\\/wp-content\\\/uploads\\\/2026\\\/03\\\/33956-0.png\",\"contentUrl\":\"https:\\\/\\\/elicromchile.com\\\/wp-content\\\/uploads\\\/2026\\\/03\\\/33956-0.png\",\"width\":800,\"height\":800},{\"@type\":\"BreadcrumbList\",\"@id\":\"https:\\\/\\\/elicromchile.com\\\/?product=33956#breadcrumb\",\"itemListElement\":[{\"@type\":\"ListItem\",\"position\":1,\"name\":\"Home\",\"item\":\"https:\\\/\\\/elicromchile.com\\\/\"},{\"@type\":\"ListItem\",\"position\":2,\"name\":\"Productos\",\"item\":\"https:\\\/\\\/elicromchile.com\\\/?page_id=3853\"},{\"@type\":\"ListItem\",\"position\":3,\"name\":\"Son\u00f3metro analizador tipo 1, 22 dBA a 136 dBA\"}]},{\"@type\":\"WebSite\",\"@id\":\"https:\\\/\\\/elicromchile.com\\\/#website\",\"url\":\"https:\\\/\\\/elicromchile.com\\\/\",\"name\":\"ELICROM\",\"description\":\"Especializados en actividades espec\u00edficas como son las \u00e1reas de Metrolog\u00eda, Medio Ambiente, Validaciones, Mantenimiento de Equipos de Laboratorio y Construcci\u00f3n\\\/Reformas de Laboratorios.\",\"publisher\":{\"@id\":\"https:\\\/\\\/elicromchile.com\\\/#organization\"},\"potentialAction\":[{\"@type\":\"SearchAction\",\"target\":{\"@type\":\"EntryPoint\",\"urlTemplate\":\"https:\\\/\\\/elicromchile.com\\\/?s={search_term_string}\"},\"query-input\":{\"@type\":\"PropertyValueSpecification\",\"valueRequired\":true,\"valueName\":\"search_term_string\"}}],\"inLanguage\":\"es\"},{\"@type\":\"Organization\",\"@id\":\"https:\\\/\\\/elicromchile.com\\\/#organization\",\"name\":\"ELICROM\",\"url\":\"https:\\\/\\\/elicromchile.com\\\/\",\"logo\":{\"@type\":\"ImageObject\",\"inLanguage\":\"es\",\"@id\":\"https:\\\/\\\/elicromchile.com\\\/#\\\/schema\\\/logo\\\/image\\\/\",\"url\":\"\",\"contentUrl\":\"\",\"caption\":\"ELICROM\"},\"image\":{\"@id\":\"https:\\\/\\\/elicromchile.com\\\/#\\\/schema\\\/logo\\\/image\\\/\"}}]}<\/script>\n<!-- \/ Yoast SEO plugin. -->","yoast_head_json":{"title":"Son\u00f3metro analizador tipo 1, 22 dBA a 136 dBA - ELICROM","robots":{"index":"index","follow":"follow","max-snippet":"max-snippet:-1","max-image-preview":"max-image-preview:large","max-video-preview":"max-video-preview:-1"},"canonical":"https:\/\/elicromchile.com\/?product=33956","og_locale":"es_ES","og_type":"article","og_title":"Son\u00f3metro analizador tipo 1, 22 dBA a 136 dBA - ELICROM","og_description":"El equipo ELICROM 308 es un son\u00f3metro clase 1, analizador de espectro en tiempo real con bandas de 1\/1 y 1\/3 de octava, portable, robusto y de f\u00e1cil manejo. Mide","og_url":"https:\/\/elicromchile.com\/?product=33956","og_site_name":"ELICROM","og_image":[{"width":800,"height":800,"url":"https:\/\/elicromchile.com\/wp-content\/uploads\/2026\/03\/33956-0.png","type":"image\/png"}],"twitter_card":"summary_large_image","twitter_misc":{"Est. reading time":"3 minutos"},"schema":{"@context":"https:\/\/schema.org","@graph":[{"@type":"WebPage","@id":"https:\/\/elicromchile.com\/?product=33956","url":"https:\/\/elicromchile.com\/?product=33956","name":"Son\u00f3metro analizador tipo 1, 22 dBA a 136 dBA - ELICROM","isPartOf":{"@id":"https:\/\/elicromchile.com\/#website"},"primaryImageOfPage":{"@id":"https:\/\/elicromchile.com\/?product=33956#primaryimage"},"image":{"@id":"https:\/\/elicromchile.com\/?product=33956#primaryimage"},"thumbnailUrl":"https:\/\/elicromchile.com\/wp-content\/uploads\/2026\/03\/33956-0.png","datePublished":"2026-03-19T11:27:05+00:00","breadcrumb":{"@id":"https:\/\/elicromchile.com\/?product=33956#breadcrumb"},"inLanguage":"es","potentialAction":[{"@type":"ReadAction","target":["https:\/\/elicromchile.com\/?product=33956"]}]},{"@type":"ImageObject","inLanguage":"es","@id":"https:\/\/elicromchile.com\/?product=33956#primaryimage","url":"https:\/\/elicromchile.com\/wp-content\/uploads\/2026\/03\/33956-0.png","contentUrl":"https:\/\/elicromchile.com\/wp-content\/uploads\/2026\/03\/33956-0.png","width":800,"height":800},{"@type":"BreadcrumbList","@id":"https:\/\/elicromchile.com\/?product=33956#breadcrumb","itemListElement":[{"@type":"ListItem","position":1,"name":"Home","item":"https:\/\/elicromchile.com\/"},{"@type":"ListItem","position":2,"name":"Productos","item":"https:\/\/elicromchile.com\/?page_id=3853"},{"@type":"ListItem","position":3,"name":"Son\u00f3metro analizador tipo 1, 22 dBA a 136 dBA"}]},{"@type":"WebSite","@id":"https:\/\/elicromchile.com\/#website","url":"https:\/\/elicromchile.com\/","name":"ELICROM","description":"Especializados en actividades espec\u00edficas como son las \u00e1reas de Metrolog\u00eda, Medio Ambiente, Validaciones, Mantenimiento de Equipos de Laboratorio y Construcci\u00f3n\/Reformas de Laboratorios.","publisher":{"@id":"https:\/\/elicromchile.com\/#organization"},"potentialAction":[{"@type":"SearchAction","target":{"@type":"EntryPoint","urlTemplate":"https:\/\/elicromchile.com\/?s={search_term_string}"},"query-input":{"@type":"PropertyValueSpecification","valueRequired":true,"valueName":"search_term_string"}}],"inLanguage":"es"},{"@type":"Organization","@id":"https:\/\/elicromchile.com\/#organization","name":"ELICROM","url":"https:\/\/elicromchile.com\/","logo":{"@type":"ImageObject","inLanguage":"es","@id":"https:\/\/elicromchile.com\/#\/schema\/logo\/image\/","url":"","contentUrl":"","caption":"ELICROM"},"image":{"@id":"https:\/\/elicromchile.com\/#\/schema\/logo\/image\/"}}]}},"_links":{"self":[{"href":"https:\/\/elicromchile.com\/index.php?rest_route=\/wp\/v2\/product\/82562","targetHints":{"allow":["GET"]}}],"collection":[{"href":"https:\/\/elicromchile.com\/index.php?rest_route=\/wp\/v2\/product"}],"about":[{"href":"https:\/\/elicromchile.com\/index.php?rest_route=\/wp\/v2\/types\/product"}],"replies":[{"embeddable":true,"href":"https:\/\/elicromchile.com\/index.php?rest_route=%2Fwp%2Fv2%2Fcomments&post=82562"}],"wp:featuredmedia":[{"embeddable":true,"href":"https:\/\/elicromchile.com\/index.php?rest_route=\/wp\/v2\/media\/82571"}],"wp:attachment":[{"href":"https:\/\/elicromchile.com\/index.php?rest_route=%2Fwp%2Fv2%2Fmedia&parent=82562"}],"wp:term":[{"taxonomy":"product_brand","embeddable":true,"href":"https:\/\/elicromchile.com\/index.php?rest_route=%2Fwp%2Fv2%2Fproduct_brand&post=82562"},{"taxonomy":"product_cat","embeddable":true,"href":"https:\/\/elicromchile.com\/index.php?rest_route=%2Fwp%2Fv2%2Fproduct_cat&post=82562"},{"taxonomy":"product_tag","embeddable":true,"href":"https:\/\/elicromchile.com\/index.php?rest_route=%2Fwp%2Fv2%2Fproduct_tag&post=82562"}],"curies":[{"name":"wp","href":"https:\/\/api.w.org\/{rel}","templated":true}]}}