
{"id":82550,"date":"2026-03-19T11:23:34","date_gmt":"2026-03-19T11:23:34","guid":{"rendered":"https:\/\/elicromchile.com\/?post_type=product&#038;p=82550"},"modified":"2026-03-19T11:23:34","modified_gmt":"2026-03-19T11:23:34","slug":"60663","status":"publish","type":"product","link":"https:\/\/elicromchile.com\/?product=60663","title":{"rendered":"Termocupla tipo K -50\u2103 a 600\u2103"},"content":{"rendered":"<p>Especificaciones: <\/p>\n<p>-Sonda de perforaci\u00f3n tipo K<br \/>\n-Rango de medici\u00f3n: -50 \u2103 a 600 \u2103<br \/>\n                                  -58 \u2109 a 1122 \u2109<br \/>\n-Tolerancias: \u00b12,2 \u2103 (\u00b13,9 \u2109)<\/p>\n","protected":false},"excerpt":{"rendered":"<p>Especificaciones: -Sonda de perforaci\u00f3n tipo K -Rango de medici\u00f3n: -50 \u2103 a 600 \u2103 -58 \u2109 a 1122 \u2109 -Tolerancias: \u00b12,2 \u2103 (\u00b13,9 \u2109)<\/p>\n","protected":false},"featured_media":82551,"comment_status":"open","ping_status":"closed","template":"","meta":[],"product_brand":[],"product_cat":[2074,2087,2084],"product_tag":[],"class_list":{"0":"post-82550","1":"product","2":"type-product","3":"status-publish","4":"has-post-thumbnail","6":"product_cat-productos9-iso-17025","7":"product_cat-termocuplas1_31032026100623","8":"product_cat-termmetros1_31032026100552","10":"first","11":"outofstock","12":"taxable","13":"shipping-taxable","14":"purchasable","15":"product-type-simple"},"yoast_head":"<!-- This site is optimized with the Yoast SEO plugin v27.4 - https:\/\/yoast.com\/product\/yoast-seo-wordpress\/ -->\n<title>Termocupla tipo K -50\u2103 a 600\u2103 - ELICROM<\/title>\n<meta name=\"robots\" content=\"index, follow, max-snippet:-1, max-image-preview:large, max-video-preview:-1\" \/>\n<link rel=\"canonical\" href=\"https:\/\/elicromchile.com\/?product=60663\" \/>\n<meta property=\"og:locale\" content=\"es_ES\" \/>\n<meta property=\"og:type\" content=\"article\" \/>\n<meta property=\"og:title\" content=\"Termocupla tipo K -50\u2103 a 600\u2103 - ELICROM\" \/>\n<meta property=\"og:description\" content=\"Especificaciones: -Sonda de perforaci\u00f3n tipo K -Rango de medici\u00f3n: -50 \u2103 a 600 \u2103 -58 \u2109 a 1122 \u2109 -Tolerancias: \u00b12,2 \u2103 (\u00b13,9 \u2109)\" \/>\n<meta property=\"og:url\" content=\"https:\/\/elicromchile.com\/?product=60663\" \/>\n<meta property=\"og:site_name\" content=\"ELICROM\" \/>\n<meta property=\"og:image\" content=\"https:\/\/elicromchile.com\/wp-content\/uploads\/2026\/03\/60663-0.jpeg\" \/>\n\t<meta property=\"og:image:width\" content=\"800\" \/>\n\t<meta property=\"og:image:height\" content=\"800\" \/>\n\t<meta property=\"og:image:type\" content=\"image\/jpeg\" \/>\n<meta name=\"twitter:card\" content=\"summary_large_image\" \/>\n<script type=\"application\/ld+json\" class=\"yoast-schema-graph\">{\"@context\":\"https:\\\/\\\/schema.org\",\"@graph\":[{\"@type\":\"WebPage\",\"@id\":\"https:\\\/\\\/elicromchile.com\\\/?product=60663\",\"url\":\"https:\\\/\\\/elicromchile.com\\\/?product=60663\",\"name\":\"Termocupla tipo K -50\u2103 a 600\u2103 - ELICROM\",\"isPartOf\":{\"@id\":\"https:\\\/\\\/elicromchile.com\\\/#website\"},\"primaryImageOfPage\":{\"@id\":\"https:\\\/\\\/elicromchile.com\\\/?product=60663#primaryimage\"},\"image\":{\"@id\":\"https:\\\/\\\/elicromchile.com\\\/?product=60663#primaryimage\"},\"thumbnailUrl\":\"https:\\\/\\\/elicromchile.com\\\/wp-content\\\/uploads\\\/2026\\\/03\\\/60663-0.jpeg\",\"datePublished\":\"2026-03-19T11:23:34+00:00\",\"breadcrumb\":{\"@id\":\"https:\\\/\\\/elicromchile.com\\\/?product=60663#breadcrumb\"},\"inLanguage\":\"es\",\"potentialAction\":[{\"@type\":\"ReadAction\",\"target\":[\"https:\\\/\\\/elicromchile.com\\\/?product=60663\"]}]},{\"@type\":\"ImageObject\",\"inLanguage\":\"es\",\"@id\":\"https:\\\/\\\/elicromchile.com\\\/?product=60663#primaryimage\",\"url\":\"https:\\\/\\\/elicromchile.com\\\/wp-content\\\/uploads\\\/2026\\\/03\\\/60663-0.jpeg\",\"contentUrl\":\"https:\\\/\\\/elicromchile.com\\\/wp-content\\\/uploads\\\/2026\\\/03\\\/60663-0.jpeg\",\"width\":800,\"height\":800},{\"@type\":\"BreadcrumbList\",\"@id\":\"https:\\\/\\\/elicromchile.com\\\/?product=60663#breadcrumb\",\"itemListElement\":[{\"@type\":\"ListItem\",\"position\":1,\"name\":\"Home\",\"item\":\"https:\\\/\\\/elicromchile.com\\\/\"},{\"@type\":\"ListItem\",\"position\":2,\"name\":\"Productos\",\"item\":\"https:\\\/\\\/elicromchile.com\\\/?page_id=3853\"},{\"@type\":\"ListItem\",\"position\":3,\"name\":\"Termocupla tipo K -50\u2103 a 600\u2103\"}]},{\"@type\":\"WebSite\",\"@id\":\"https:\\\/\\\/elicromchile.com\\\/#website\",\"url\":\"https:\\\/\\\/elicromchile.com\\\/\",\"name\":\"ELICROM\",\"description\":\"Especializados en actividades espec\u00edficas como son las \u00e1reas de Metrolog\u00eda, Medio Ambiente, Validaciones, Mantenimiento de Equipos de Laboratorio y Construcci\u00f3n\\\/Reformas de Laboratorios.\",\"publisher\":{\"@id\":\"https:\\\/\\\/elicromchile.com\\\/#organization\"},\"potentialAction\":[{\"@type\":\"SearchAction\",\"target\":{\"@type\":\"EntryPoint\",\"urlTemplate\":\"https:\\\/\\\/elicromchile.com\\\/?s={search_term_string}\"},\"query-input\":{\"@type\":\"PropertyValueSpecification\",\"valueRequired\":true,\"valueName\":\"search_term_string\"}}],\"inLanguage\":\"es\"},{\"@type\":\"Organization\",\"@id\":\"https:\\\/\\\/elicromchile.com\\\/#organization\",\"name\":\"ELICROM\",\"url\":\"https:\\\/\\\/elicromchile.com\\\/\",\"logo\":{\"@type\":\"ImageObject\",\"inLanguage\":\"es\",\"@id\":\"https:\\\/\\\/elicromchile.com\\\/#\\\/schema\\\/logo\\\/image\\\/\",\"url\":\"\",\"contentUrl\":\"\",\"caption\":\"ELICROM\"},\"image\":{\"@id\":\"https:\\\/\\\/elicromchile.com\\\/#\\\/schema\\\/logo\\\/image\\\/\"}}]}<\/script>\n<!-- \/ Yoast SEO plugin. -->","yoast_head_json":{"title":"Termocupla tipo K -50\u2103 a 600\u2103 - ELICROM","robots":{"index":"index","follow":"follow","max-snippet":"max-snippet:-1","max-image-preview":"max-image-preview:large","max-video-preview":"max-video-preview:-1"},"canonical":"https:\/\/elicromchile.com\/?product=60663","og_locale":"es_ES","og_type":"article","og_title":"Termocupla tipo K -50\u2103 a 600\u2103 - ELICROM","og_description":"Especificaciones: -Sonda de perforaci\u00f3n tipo K -Rango de medici\u00f3n: -50 \u2103 a 600 \u2103 -58 \u2109 a 1122 \u2109 -Tolerancias: \u00b12,2 \u2103 (\u00b13,9 \u2109)","og_url":"https:\/\/elicromchile.com\/?product=60663","og_site_name":"ELICROM","og_image":[{"width":800,"height":800,"url":"https:\/\/elicromchile.com\/wp-content\/uploads\/2026\/03\/60663-0.jpeg","type":"image\/jpeg"}],"twitter_card":"summary_large_image","schema":{"@context":"https:\/\/schema.org","@graph":[{"@type":"WebPage","@id":"https:\/\/elicromchile.com\/?product=60663","url":"https:\/\/elicromchile.com\/?product=60663","name":"Termocupla tipo K -50\u2103 a 600\u2103 - ELICROM","isPartOf":{"@id":"https:\/\/elicromchile.com\/#website"},"primaryImageOfPage":{"@id":"https:\/\/elicromchile.com\/?product=60663#primaryimage"},"image":{"@id":"https:\/\/elicromchile.com\/?product=60663#primaryimage"},"thumbnailUrl":"https:\/\/elicromchile.com\/wp-content\/uploads\/2026\/03\/60663-0.jpeg","datePublished":"2026-03-19T11:23:34+00:00","breadcrumb":{"@id":"https:\/\/elicromchile.com\/?product=60663#breadcrumb"},"inLanguage":"es","potentialAction":[{"@type":"ReadAction","target":["https:\/\/elicromchile.com\/?product=60663"]}]},{"@type":"ImageObject","inLanguage":"es","@id":"https:\/\/elicromchile.com\/?product=60663#primaryimage","url":"https:\/\/elicromchile.com\/wp-content\/uploads\/2026\/03\/60663-0.jpeg","contentUrl":"https:\/\/elicromchile.com\/wp-content\/uploads\/2026\/03\/60663-0.jpeg","width":800,"height":800},{"@type":"BreadcrumbList","@id":"https:\/\/elicromchile.com\/?product=60663#breadcrumb","itemListElement":[{"@type":"ListItem","position":1,"name":"Home","item":"https:\/\/elicromchile.com\/"},{"@type":"ListItem","position":2,"name":"Productos","item":"https:\/\/elicromchile.com\/?page_id=3853"},{"@type":"ListItem","position":3,"name":"Termocupla tipo K -50\u2103 a 600\u2103"}]},{"@type":"WebSite","@id":"https:\/\/elicromchile.com\/#website","url":"https:\/\/elicromchile.com\/","name":"ELICROM","description":"Especializados en actividades espec\u00edficas como son las \u00e1reas de Metrolog\u00eda, Medio Ambiente, Validaciones, Mantenimiento de Equipos de Laboratorio y Construcci\u00f3n\/Reformas de Laboratorios.","publisher":{"@id":"https:\/\/elicromchile.com\/#organization"},"potentialAction":[{"@type":"SearchAction","target":{"@type":"EntryPoint","urlTemplate":"https:\/\/elicromchile.com\/?s={search_term_string}"},"query-input":{"@type":"PropertyValueSpecification","valueRequired":true,"valueName":"search_term_string"}}],"inLanguage":"es"},{"@type":"Organization","@id":"https:\/\/elicromchile.com\/#organization","name":"ELICROM","url":"https:\/\/elicromchile.com\/","logo":{"@type":"ImageObject","inLanguage":"es","@id":"https:\/\/elicromchile.com\/#\/schema\/logo\/image\/","url":"","contentUrl":"","caption":"ELICROM"},"image":{"@id":"https:\/\/elicromchile.com\/#\/schema\/logo\/image\/"}}]}},"_links":{"self":[{"href":"https:\/\/elicromchile.com\/index.php?rest_route=\/wp\/v2\/product\/82550","targetHints":{"allow":["GET"]}}],"collection":[{"href":"https:\/\/elicromchile.com\/index.php?rest_route=\/wp\/v2\/product"}],"about":[{"href":"https:\/\/elicromchile.com\/index.php?rest_route=\/wp\/v2\/types\/product"}],"replies":[{"embeddable":true,"href":"https:\/\/elicromchile.com\/index.php?rest_route=%2Fwp%2Fv2%2Fcomments&post=82550"}],"wp:featuredmedia":[{"embeddable":true,"href":"https:\/\/elicromchile.com\/index.php?rest_route=\/wp\/v2\/media\/82551"}],"wp:attachment":[{"href":"https:\/\/elicromchile.com\/index.php?rest_route=%2Fwp%2Fv2%2Fmedia&parent=82550"}],"wp:term":[{"taxonomy":"product_brand","embeddable":true,"href":"https:\/\/elicromchile.com\/index.php?rest_route=%2Fwp%2Fv2%2Fproduct_brand&post=82550"},{"taxonomy":"product_cat","embeddable":true,"href":"https:\/\/elicromchile.com\/index.php?rest_route=%2Fwp%2Fv2%2Fproduct_cat&post=82550"},{"taxonomy":"product_tag","embeddable":true,"href":"https:\/\/elicromchile.com\/index.php?rest_route=%2Fwp%2Fv2%2Fproduct_tag&post=82550"}],"curies":[{"name":"wp","href":"https:\/\/api.w.org\/{rel}","templated":true}]}}