
{"id":82548,"date":"2026-03-19T11:22:43","date_gmt":"2026-03-19T11:22:43","guid":{"rendered":"https:\/\/elicromchile.com\/?post_type=product&#038;p=82548"},"modified":"2026-03-19T11:22:43","modified_gmt":"2026-03-19T11:22:43","slug":"52310","status":"publish","type":"product","link":"https:\/\/elicromchile.com\/?product=52310","title":{"rendered":"Termocupla de alta temperatura hasta 1335 \u00b0C sonda 46 cm x 3,1 mm"},"content":{"rendered":"<p>Descripci\u00f3n:<\/p>\n<p>-Termocupla tipo k de alta temperatura<br \/>\n-Para uso de hasta 1335 \u00b0C<br \/>\n-Longitud de la sonda: Sonda 46 cm x 3,1 mm<br \/>\n-Tipo de sensor: sonda de inmersi\u00f3n<br \/>\n-Tipo de conexi\u00f3n de terminaci\u00f3n: mini conector macho<br \/>\n-Excelente estabilidad a largo plazo a altas temperaturas<br \/>\n-Baja deriva t\u00e9rmica<br \/>\n-Preciso y estable<\/p>\n","protected":false},"excerpt":{"rendered":"<p>Descripci\u00f3n: -Termocupla tipo k de alta temperatura -Para uso de hasta 1335 \u00b0C -Longitud de la sonda: Sonda 46 cm x 3,1 mm -Tipo de sensor: sonda de inmersi\u00f3n -Tipo<\/p>\n","protected":false},"featured_media":82549,"comment_status":"open","ping_status":"closed","template":"","meta":[],"product_brand":[],"product_cat":[2074,2087,2084],"product_tag":[],"class_list":{"0":"post-82548","1":"product","2":"type-product","3":"status-publish","4":"has-post-thumbnail","6":"product_cat-productos9-iso-17025","7":"product_cat-termocuplas1_31032026100623","8":"product_cat-termmetros1_31032026100552","10":"first","11":"outofstock","12":"taxable","13":"shipping-taxable","14":"purchasable","15":"product-type-simple"},"yoast_head":"<!-- This site is optimized with the Yoast SEO plugin v27.4 - https:\/\/yoast.com\/product\/yoast-seo-wordpress\/ -->\n<title>Termocupla de alta temperatura hasta 1335 \u00b0C sonda 46 cm x 3,1 mm - ELICROM<\/title>\n<meta name=\"robots\" content=\"index, follow, max-snippet:-1, max-image-preview:large, max-video-preview:-1\" \/>\n<link rel=\"canonical\" href=\"https:\/\/elicromchile.com\/?product=52310\" \/>\n<meta property=\"og:locale\" content=\"es_ES\" \/>\n<meta property=\"og:type\" content=\"article\" \/>\n<meta property=\"og:title\" content=\"Termocupla de alta temperatura hasta 1335 \u00b0C sonda 46 cm x 3,1 mm - ELICROM\" \/>\n<meta property=\"og:description\" content=\"Descripci\u00f3n: -Termocupla tipo k de alta temperatura -Para uso de hasta 1335 \u00b0C -Longitud de la sonda: Sonda 46 cm x 3,1 mm -Tipo de sensor: sonda de inmersi\u00f3n -Tipo\" \/>\n<meta property=\"og:url\" content=\"https:\/\/elicromchile.com\/?product=52310\" \/>\n<meta property=\"og:site_name\" content=\"ELICROM\" \/>\n<meta property=\"og:image\" content=\"https:\/\/elicromchile.com\/wp-content\/uploads\/2026\/03\/52310-0.jpeg\" \/>\n\t<meta property=\"og:image:width\" content=\"800\" \/>\n\t<meta property=\"og:image:height\" content=\"800\" \/>\n\t<meta property=\"og:image:type\" content=\"image\/jpeg\" \/>\n<meta name=\"twitter:card\" content=\"summary_large_image\" \/>\n<script type=\"application\/ld+json\" class=\"yoast-schema-graph\">{\"@context\":\"https:\\\/\\\/schema.org\",\"@graph\":[{\"@type\":\"WebPage\",\"@id\":\"https:\\\/\\\/elicromchile.com\\\/?product=52310\",\"url\":\"https:\\\/\\\/elicromchile.com\\\/?product=52310\",\"name\":\"Termocupla de alta temperatura hasta 1335 \u00b0C sonda 46 cm x 3,1 mm - ELICROM\",\"isPartOf\":{\"@id\":\"https:\\\/\\\/elicromchile.com\\\/#website\"},\"primaryImageOfPage\":{\"@id\":\"https:\\\/\\\/elicromchile.com\\\/?product=52310#primaryimage\"},\"image\":{\"@id\":\"https:\\\/\\\/elicromchile.com\\\/?product=52310#primaryimage\"},\"thumbnailUrl\":\"https:\\\/\\\/elicromchile.com\\\/wp-content\\\/uploads\\\/2026\\\/03\\\/52310-0.jpeg\",\"datePublished\":\"2026-03-19T11:22:43+00:00\",\"breadcrumb\":{\"@id\":\"https:\\\/\\\/elicromchile.com\\\/?product=52310#breadcrumb\"},\"inLanguage\":\"es\",\"potentialAction\":[{\"@type\":\"ReadAction\",\"target\":[\"https:\\\/\\\/elicromchile.com\\\/?product=52310\"]}]},{\"@type\":\"ImageObject\",\"inLanguage\":\"es\",\"@id\":\"https:\\\/\\\/elicromchile.com\\\/?product=52310#primaryimage\",\"url\":\"https:\\\/\\\/elicromchile.com\\\/wp-content\\\/uploads\\\/2026\\\/03\\\/52310-0.jpeg\",\"contentUrl\":\"https:\\\/\\\/elicromchile.com\\\/wp-content\\\/uploads\\\/2026\\\/03\\\/52310-0.jpeg\",\"width\":800,\"height\":800},{\"@type\":\"BreadcrumbList\",\"@id\":\"https:\\\/\\\/elicromchile.com\\\/?product=52310#breadcrumb\",\"itemListElement\":[{\"@type\":\"ListItem\",\"position\":1,\"name\":\"Home\",\"item\":\"https:\\\/\\\/elicromchile.com\\\/\"},{\"@type\":\"ListItem\",\"position\":2,\"name\":\"Productos\",\"item\":\"https:\\\/\\\/elicromchile.com\\\/?page_id=3853\"},{\"@type\":\"ListItem\",\"position\":3,\"name\":\"Termocupla de alta temperatura hasta 1335 \u00b0C sonda 46 cm x 3,1 mm\"}]},{\"@type\":\"WebSite\",\"@id\":\"https:\\\/\\\/elicromchile.com\\\/#website\",\"url\":\"https:\\\/\\\/elicromchile.com\\\/\",\"name\":\"ELICROM\",\"description\":\"Especializados en actividades espec\u00edficas como son las \u00e1reas de Metrolog\u00eda, Medio Ambiente, Validaciones, Mantenimiento de Equipos de Laboratorio y Construcci\u00f3n\\\/Reformas de Laboratorios.\",\"publisher\":{\"@id\":\"https:\\\/\\\/elicromchile.com\\\/#organization\"},\"potentialAction\":[{\"@type\":\"SearchAction\",\"target\":{\"@type\":\"EntryPoint\",\"urlTemplate\":\"https:\\\/\\\/elicromchile.com\\\/?s={search_term_string}\"},\"query-input\":{\"@type\":\"PropertyValueSpecification\",\"valueRequired\":true,\"valueName\":\"search_term_string\"}}],\"inLanguage\":\"es\"},{\"@type\":\"Organization\",\"@id\":\"https:\\\/\\\/elicromchile.com\\\/#organization\",\"name\":\"ELICROM\",\"url\":\"https:\\\/\\\/elicromchile.com\\\/\",\"logo\":{\"@type\":\"ImageObject\",\"inLanguage\":\"es\",\"@id\":\"https:\\\/\\\/elicromchile.com\\\/#\\\/schema\\\/logo\\\/image\\\/\",\"url\":\"\",\"contentUrl\":\"\",\"caption\":\"ELICROM\"},\"image\":{\"@id\":\"https:\\\/\\\/elicromchile.com\\\/#\\\/schema\\\/logo\\\/image\\\/\"}}]}<\/script>\n<!-- \/ Yoast SEO plugin. -->","yoast_head_json":{"title":"Termocupla de alta temperatura hasta 1335 \u00b0C sonda 46 cm x 3,1 mm - ELICROM","robots":{"index":"index","follow":"follow","max-snippet":"max-snippet:-1","max-image-preview":"max-image-preview:large","max-video-preview":"max-video-preview:-1"},"canonical":"https:\/\/elicromchile.com\/?product=52310","og_locale":"es_ES","og_type":"article","og_title":"Termocupla de alta temperatura hasta 1335 \u00b0C sonda 46 cm x 3,1 mm - ELICROM","og_description":"Descripci\u00f3n: -Termocupla tipo k de alta temperatura -Para uso de hasta 1335 \u00b0C -Longitud de la sonda: Sonda 46 cm x 3,1 mm -Tipo de sensor: sonda de inmersi\u00f3n -Tipo","og_url":"https:\/\/elicromchile.com\/?product=52310","og_site_name":"ELICROM","og_image":[{"width":800,"height":800,"url":"https:\/\/elicromchile.com\/wp-content\/uploads\/2026\/03\/52310-0.jpeg","type":"image\/jpeg"}],"twitter_card":"summary_large_image","schema":{"@context":"https:\/\/schema.org","@graph":[{"@type":"WebPage","@id":"https:\/\/elicromchile.com\/?product=52310","url":"https:\/\/elicromchile.com\/?product=52310","name":"Termocupla de alta temperatura hasta 1335 \u00b0C sonda 46 cm x 3,1 mm - ELICROM","isPartOf":{"@id":"https:\/\/elicromchile.com\/#website"},"primaryImageOfPage":{"@id":"https:\/\/elicromchile.com\/?product=52310#primaryimage"},"image":{"@id":"https:\/\/elicromchile.com\/?product=52310#primaryimage"},"thumbnailUrl":"https:\/\/elicromchile.com\/wp-content\/uploads\/2026\/03\/52310-0.jpeg","datePublished":"2026-03-19T11:22:43+00:00","breadcrumb":{"@id":"https:\/\/elicromchile.com\/?product=52310#breadcrumb"},"inLanguage":"es","potentialAction":[{"@type":"ReadAction","target":["https:\/\/elicromchile.com\/?product=52310"]}]},{"@type":"ImageObject","inLanguage":"es","@id":"https:\/\/elicromchile.com\/?product=52310#primaryimage","url":"https:\/\/elicromchile.com\/wp-content\/uploads\/2026\/03\/52310-0.jpeg","contentUrl":"https:\/\/elicromchile.com\/wp-content\/uploads\/2026\/03\/52310-0.jpeg","width":800,"height":800},{"@type":"BreadcrumbList","@id":"https:\/\/elicromchile.com\/?product=52310#breadcrumb","itemListElement":[{"@type":"ListItem","position":1,"name":"Home","item":"https:\/\/elicromchile.com\/"},{"@type":"ListItem","position":2,"name":"Productos","item":"https:\/\/elicromchile.com\/?page_id=3853"},{"@type":"ListItem","position":3,"name":"Termocupla de alta temperatura hasta 1335 \u00b0C sonda 46 cm x 3,1 mm"}]},{"@type":"WebSite","@id":"https:\/\/elicromchile.com\/#website","url":"https:\/\/elicromchile.com\/","name":"ELICROM","description":"Especializados en actividades espec\u00edficas como son las \u00e1reas de Metrolog\u00eda, Medio Ambiente, Validaciones, Mantenimiento de Equipos de Laboratorio y Construcci\u00f3n\/Reformas de Laboratorios.","publisher":{"@id":"https:\/\/elicromchile.com\/#organization"},"potentialAction":[{"@type":"SearchAction","target":{"@type":"EntryPoint","urlTemplate":"https:\/\/elicromchile.com\/?s={search_term_string}"},"query-input":{"@type":"PropertyValueSpecification","valueRequired":true,"valueName":"search_term_string"}}],"inLanguage":"es"},{"@type":"Organization","@id":"https:\/\/elicromchile.com\/#organization","name":"ELICROM","url":"https:\/\/elicromchile.com\/","logo":{"@type":"ImageObject","inLanguage":"es","@id":"https:\/\/elicromchile.com\/#\/schema\/logo\/image\/","url":"","contentUrl":"","caption":"ELICROM"},"image":{"@id":"https:\/\/elicromchile.com\/#\/schema\/logo\/image\/"}}]}},"_links":{"self":[{"href":"https:\/\/elicromchile.com\/index.php?rest_route=\/wp\/v2\/product\/82548","targetHints":{"allow":["GET"]}}],"collection":[{"href":"https:\/\/elicromchile.com\/index.php?rest_route=\/wp\/v2\/product"}],"about":[{"href":"https:\/\/elicromchile.com\/index.php?rest_route=\/wp\/v2\/types\/product"}],"replies":[{"embeddable":true,"href":"https:\/\/elicromchile.com\/index.php?rest_route=%2Fwp%2Fv2%2Fcomments&post=82548"}],"wp:featuredmedia":[{"embeddable":true,"href":"https:\/\/elicromchile.com\/index.php?rest_route=\/wp\/v2\/media\/82549"}],"wp:attachment":[{"href":"https:\/\/elicromchile.com\/index.php?rest_route=%2Fwp%2Fv2%2Fmedia&parent=82548"}],"wp:term":[{"taxonomy":"product_brand","embeddable":true,"href":"https:\/\/elicromchile.com\/index.php?rest_route=%2Fwp%2Fv2%2Fproduct_brand&post=82548"},{"taxonomy":"product_cat","embeddable":true,"href":"https:\/\/elicromchile.com\/index.php?rest_route=%2Fwp%2Fv2%2Fproduct_cat&post=82548"},{"taxonomy":"product_tag","embeddable":true,"href":"https:\/\/elicromchile.com\/index.php?rest_route=%2Fwp%2Fv2%2Fproduct_tag&post=82548"}],"curies":[{"name":"wp","href":"https:\/\/api.w.org\/{rel}","templated":true}]}}