
{"id":82531,"date":"2026-03-18T16:39:33","date_gmt":"2026-03-18T16:39:33","guid":{"rendered":"https:\/\/elicromchile.com\/?post_type=product&#038;p=82531"},"modified":"2026-03-18T16:39:33","modified_gmt":"2026-03-18T16:39:33","slug":"36097","status":"publish","type":"product","link":"https:\/\/elicromchile.com\/?product=36097","title":{"rendered":"Term\u00f3metro datalogger de 4 canales, tipo K J E T"},"content":{"rendered":"<p>Especificaciones:<\/p>\n<p>-Rango de medici\u00f3n:<br \/>\n  K: -200\u00b0C-1372\u00b0C (-328\u00b0F-2501\u00b0F)<br \/>\n  J: -200\u00b0C-1000\u00b0C (-328\u00b0F 1832\u00b0F)<br \/>\n  E: -200\u00b0C-750\u00b0C (-328\u00b0F~1382\u00b0F)<br \/>\n  T: -200 \u00b0C-400 \u00b0C (-328 \u00b0F-752 \u00b0F)<\/p>\n<p>-Resoluci\u00f3n: 0.1\u00b0C<600\u00b0C\/0.1\u00b0F < 1000\u00b0F   \/   1\u00b0C 600\u00b0C\/1\u00b0F 1000\u00b0F \n-Precisi\u00f3n: se especifica para temperaturas ambiente entre 18\u00b0C (64\u00b0F) y 28\u00b0C (82\u00b0F). \nLas especificaciones no incluyen del error del sensor de la termocupla. \n(0.1% de lectura+0.7\u00b0C) (0.1% de lectura+1.4\u00b0F) por debajo de -100 \u00b0C (-148 \u00b0F) +(0.4% de lectura +0.7\u00b0C) (0.4% de lectura +1.4\u00b0F) 0,01 % de la lectura + 0,05 \u00b0C por \u00b0C (<18 \u00b0C o >28 \u00b0C) <\/p>\n<p>-Coeficiente de temperatura: 0,01 % de la lectura + 0,05 \u00b0C por \u00b0C (<18\u00b0C o >28 \u00b0C)<br \/>\n-Frecuencia de muestreo: 2 veces por segundo<br \/>\n-Tipo de Bater\u00eda: 4 pilas UM-4 o AAA de 1,5 V<br \/>\n-Duraci\u00f3n de la bater\u00eda: Aprox. 100 horas (bater\u00eda alcalina)<br \/>\n-Temperatura de operaci\u00f3n: 0\u00b0C a 50\u00b0C (32\u00b0F a 122\u00b0F)<br \/>\n-Humedad de funcionamiento: 10 a 90% HR (sin condensaci\u00f3n)<br \/>\n-Temperatura de almacenamiento: -20 \u00b0C a 60 \u00b0C (-4 \u00b0F a 140 \u00b0F)<br \/>\n-Humedad de almacenamiento: 10 a 75%HR<br \/>\n-Dimensiones y peso: 187 mm (largo) x 75 mm (ancho) x 29 mm (alto)\/ Aprox. 290g<br \/>\n-Accesorios est\u00e1ndar: Manual de instrucciones, bater\u00eda 1,5 V AAA x 4 piezas, software de Windows, cable micro USB, sonda de perlas tipo K x 2 piezas, malet\u00edn de transporte.<\/p>\n<p>Caracter\u00edsticas:<\/p>\n<p>\u2022 Funci\u00f3n T1-T2<br \/>\n\u2022 Funci\u00f3n de retenci\u00f3n de datos<br \/>\n\u2022 Funci\u00f3n de alarma de temperatura<br \/>\n\u2022 Temporizador de apagado autom\u00e1tico ajustable<br \/>\n\u2022 Respuesta r\u00e1pida con alta precisi\u00f3n<br \/>\n\u2022 Medidas termopares tipo K, J, E, T<br \/>\n\u2022 Grabaci\u00f3n m\u00ednima\/m\u00e1xima\/promedio de todos los canales<br \/>\n\u2022 Interfaz USB, software para PC incluido<br \/>\n\u2022 La gran pantalla LCD retroiluminada muestra todos los canales en pantalla<br \/>\n\u2022 Registro de datos de hasta 16.000 lecturas por canal, 64000 en total<br \/>\n\u2022 Funci\u00f3n de recuperaci\u00f3n para leer instant\u00e1neamente hasta 100 conjuntos de datos guardados manualmente<\/p>\n<p>Incluye:<\/p>\n<p>-Manual<br \/>\n-Bater\u00edas<br \/>\n-Software<br \/>\n-Cable micro USB<br \/>\n-2 sondas tipo k<br \/>\n-Malet\u00edn de transporte <\/p>\n","protected":false},"excerpt":{"rendered":"<p>Especificaciones: -Rango de medici\u00f3n: K: -200\u00b0C-1372\u00b0C (-328\u00b0F-2501\u00b0F) J: -200\u00b0C-1000\u00b0C (-328\u00b0F 1832\u00b0F) E: -200\u00b0C-750\u00b0C (-328\u00b0F~1382\u00b0F) T: -200 \u00b0C-400 \u00b0C (-328 \u00b0F-752 \u00b0F) -Resoluci\u00f3n: 0.1\u00b0C<\/p>\n","protected":false},"featured_media":82608,"comment_status":"open","ping_status":"closed","template":"","meta":[],"product_brand":[],"product_cat":[2086,2074,2084],"product_tag":[],"class_list":{"0":"post-82531","1":"product","2":"type-product","3":"status-publish","4":"has-post-thumbnail","6":"product_cat-de-mano1_31032026100609","7":"product_cat-productos9-iso-17025","8":"product_cat-termmetros1_31032026100552","10":"first","11":"outofstock","12":"taxable","13":"shipping-taxable","14":"purchasable","15":"product-type-simple"},"yoast_head":"<!-- This site is optimized with the Yoast SEO plugin v27.4 - https:\/\/yoast.com\/product\/yoast-seo-wordpress\/ -->\n<title>Term\u00f3metro datalogger de 4 canales, tipo K J E T - ELICROM<\/title>\n<meta name=\"robots\" content=\"index, follow, max-snippet:-1, max-image-preview:large, max-video-preview:-1\" \/>\n<link rel=\"canonical\" href=\"https:\/\/elicromchile.com\/?product=36097\" \/>\n<meta property=\"og:locale\" content=\"es_ES\" \/>\n<meta property=\"og:type\" content=\"article\" \/>\n<meta property=\"og:title\" content=\"Term\u00f3metro datalogger de 4 canales, tipo K J E T - ELICROM\" \/>\n<meta property=\"og:description\" content=\"Especificaciones: -Rango de medici\u00f3n: K: -200\u00b0C-1372\u00b0C (-328\u00b0F-2501\u00b0F) J: -200\u00b0C-1000\u00b0C (-328\u00b0F 1832\u00b0F) E: -200\u00b0C-750\u00b0C (-328\u00b0F~1382\u00b0F) T: -200 \u00b0C-400 \u00b0C (-328 \u00b0F-752 \u00b0F) -Resoluci\u00f3n: 0.1\u00b0C\" \/>\n<meta property=\"og:url\" content=\"https:\/\/elicromchile.com\/?product=36097\" \/>\n<meta property=\"og:site_name\" content=\"ELICROM\" \/>\n<meta property=\"og:image\" content=\"https:\/\/elicromchile.com\/wp-content\/uploads\/2026\/03\/36097-0.png\" \/>\n\t<meta property=\"og:image:width\" content=\"800\" \/>\n\t<meta property=\"og:image:height\" content=\"800\" \/>\n\t<meta property=\"og:image:type\" content=\"image\/png\" \/>\n<meta name=\"twitter:card\" content=\"summary_large_image\" \/>\n<script type=\"application\/ld+json\" class=\"yoast-schema-graph\">{\"@context\":\"https:\\\/\\\/schema.org\",\"@graph\":[{\"@type\":\"WebPage\",\"@id\":\"https:\\\/\\\/elicromchile.com\\\/?product=36097\",\"url\":\"https:\\\/\\\/elicromchile.com\\\/?product=36097\",\"name\":\"Term\u00f3metro datalogger de 4 canales, tipo K J E T - ELICROM\",\"isPartOf\":{\"@id\":\"https:\\\/\\\/elicromchile.com\\\/#website\"},\"primaryImageOfPage\":{\"@id\":\"https:\\\/\\\/elicromchile.com\\\/?product=36097#primaryimage\"},\"image\":{\"@id\":\"https:\\\/\\\/elicromchile.com\\\/?product=36097#primaryimage\"},\"thumbnailUrl\":\"https:\\\/\\\/elicromchile.com\\\/wp-content\\\/uploads\\\/2026\\\/03\\\/36097-0.png\",\"datePublished\":\"2026-03-18T16:39:33+00:00\",\"breadcrumb\":{\"@id\":\"https:\\\/\\\/elicromchile.com\\\/?product=36097#breadcrumb\"},\"inLanguage\":\"es\",\"potentialAction\":[{\"@type\":\"ReadAction\",\"target\":[\"https:\\\/\\\/elicromchile.com\\\/?product=36097\"]}]},{\"@type\":\"ImageObject\",\"inLanguage\":\"es\",\"@id\":\"https:\\\/\\\/elicromchile.com\\\/?product=36097#primaryimage\",\"url\":\"https:\\\/\\\/elicromchile.com\\\/wp-content\\\/uploads\\\/2026\\\/03\\\/36097-0.png\",\"contentUrl\":\"https:\\\/\\\/elicromchile.com\\\/wp-content\\\/uploads\\\/2026\\\/03\\\/36097-0.png\",\"width\":800,\"height\":800},{\"@type\":\"BreadcrumbList\",\"@id\":\"https:\\\/\\\/elicromchile.com\\\/?product=36097#breadcrumb\",\"itemListElement\":[{\"@type\":\"ListItem\",\"position\":1,\"name\":\"Home\",\"item\":\"https:\\\/\\\/elicromchile.com\\\/\"},{\"@type\":\"ListItem\",\"position\":2,\"name\":\"Productos\",\"item\":\"https:\\\/\\\/elicromchile.com\\\/?page_id=3853\"},{\"@type\":\"ListItem\",\"position\":3,\"name\":\"Term\u00f3metro datalogger de 4 canales, tipo K J E T\"}]},{\"@type\":\"WebSite\",\"@id\":\"https:\\\/\\\/elicromchile.com\\\/#website\",\"url\":\"https:\\\/\\\/elicromchile.com\\\/\",\"name\":\"ELICROM\",\"description\":\"Especializados en actividades espec\u00edficas como son las \u00e1reas de Metrolog\u00eda, Medio Ambiente, Validaciones, Mantenimiento de Equipos de Laboratorio y Construcci\u00f3n\\\/Reformas de Laboratorios.\",\"publisher\":{\"@id\":\"https:\\\/\\\/elicromchile.com\\\/#organization\"},\"potentialAction\":[{\"@type\":\"SearchAction\",\"target\":{\"@type\":\"EntryPoint\",\"urlTemplate\":\"https:\\\/\\\/elicromchile.com\\\/?s={search_term_string}\"},\"query-input\":{\"@type\":\"PropertyValueSpecification\",\"valueRequired\":true,\"valueName\":\"search_term_string\"}}],\"inLanguage\":\"es\"},{\"@type\":\"Organization\",\"@id\":\"https:\\\/\\\/elicromchile.com\\\/#organization\",\"name\":\"ELICROM\",\"url\":\"https:\\\/\\\/elicromchile.com\\\/\",\"logo\":{\"@type\":\"ImageObject\",\"inLanguage\":\"es\",\"@id\":\"https:\\\/\\\/elicromchile.com\\\/#\\\/schema\\\/logo\\\/image\\\/\",\"url\":\"\",\"contentUrl\":\"\",\"caption\":\"ELICROM\"},\"image\":{\"@id\":\"https:\\\/\\\/elicromchile.com\\\/#\\\/schema\\\/logo\\\/image\\\/\"}}]}<\/script>\n<!-- \/ Yoast SEO plugin. -->","yoast_head_json":{"title":"Term\u00f3metro datalogger de 4 canales, tipo K J E T - ELICROM","robots":{"index":"index","follow":"follow","max-snippet":"max-snippet:-1","max-image-preview":"max-image-preview:large","max-video-preview":"max-video-preview:-1"},"canonical":"https:\/\/elicromchile.com\/?product=36097","og_locale":"es_ES","og_type":"article","og_title":"Term\u00f3metro datalogger de 4 canales, tipo K J E T - ELICROM","og_description":"Especificaciones: -Rango de medici\u00f3n: K: -200\u00b0C-1372\u00b0C (-328\u00b0F-2501\u00b0F) J: -200\u00b0C-1000\u00b0C (-328\u00b0F 1832\u00b0F) E: -200\u00b0C-750\u00b0C (-328\u00b0F~1382\u00b0F) T: -200 \u00b0C-400 \u00b0C (-328 \u00b0F-752 \u00b0F) -Resoluci\u00f3n: 0.1\u00b0C","og_url":"https:\/\/elicromchile.com\/?product=36097","og_site_name":"ELICROM","og_image":[{"width":800,"height":800,"url":"https:\/\/elicromchile.com\/wp-content\/uploads\/2026\/03\/36097-0.png","type":"image\/png"}],"twitter_card":"summary_large_image","schema":{"@context":"https:\/\/schema.org","@graph":[{"@type":"WebPage","@id":"https:\/\/elicromchile.com\/?product=36097","url":"https:\/\/elicromchile.com\/?product=36097","name":"Term\u00f3metro datalogger de 4 canales, tipo K J E T - ELICROM","isPartOf":{"@id":"https:\/\/elicromchile.com\/#website"},"primaryImageOfPage":{"@id":"https:\/\/elicromchile.com\/?product=36097#primaryimage"},"image":{"@id":"https:\/\/elicromchile.com\/?product=36097#primaryimage"},"thumbnailUrl":"https:\/\/elicromchile.com\/wp-content\/uploads\/2026\/03\/36097-0.png","datePublished":"2026-03-18T16:39:33+00:00","breadcrumb":{"@id":"https:\/\/elicromchile.com\/?product=36097#breadcrumb"},"inLanguage":"es","potentialAction":[{"@type":"ReadAction","target":["https:\/\/elicromchile.com\/?product=36097"]}]},{"@type":"ImageObject","inLanguage":"es","@id":"https:\/\/elicromchile.com\/?product=36097#primaryimage","url":"https:\/\/elicromchile.com\/wp-content\/uploads\/2026\/03\/36097-0.png","contentUrl":"https:\/\/elicromchile.com\/wp-content\/uploads\/2026\/03\/36097-0.png","width":800,"height":800},{"@type":"BreadcrumbList","@id":"https:\/\/elicromchile.com\/?product=36097#breadcrumb","itemListElement":[{"@type":"ListItem","position":1,"name":"Home","item":"https:\/\/elicromchile.com\/"},{"@type":"ListItem","position":2,"name":"Productos","item":"https:\/\/elicromchile.com\/?page_id=3853"},{"@type":"ListItem","position":3,"name":"Term\u00f3metro datalogger de 4 canales, tipo K J E T"}]},{"@type":"WebSite","@id":"https:\/\/elicromchile.com\/#website","url":"https:\/\/elicromchile.com\/","name":"ELICROM","description":"Especializados en actividades espec\u00edficas como son las \u00e1reas de Metrolog\u00eda, Medio Ambiente, Validaciones, Mantenimiento de Equipos de Laboratorio y Construcci\u00f3n\/Reformas de Laboratorios.","publisher":{"@id":"https:\/\/elicromchile.com\/#organization"},"potentialAction":[{"@type":"SearchAction","target":{"@type":"EntryPoint","urlTemplate":"https:\/\/elicromchile.com\/?s={search_term_string}"},"query-input":{"@type":"PropertyValueSpecification","valueRequired":true,"valueName":"search_term_string"}}],"inLanguage":"es"},{"@type":"Organization","@id":"https:\/\/elicromchile.com\/#organization","name":"ELICROM","url":"https:\/\/elicromchile.com\/","logo":{"@type":"ImageObject","inLanguage":"es","@id":"https:\/\/elicromchile.com\/#\/schema\/logo\/image\/","url":"","contentUrl":"","caption":"ELICROM"},"image":{"@id":"https:\/\/elicromchile.com\/#\/schema\/logo\/image\/"}}]}},"_links":{"self":[{"href":"https:\/\/elicromchile.com\/index.php?rest_route=\/wp\/v2\/product\/82531","targetHints":{"allow":["GET"]}}],"collection":[{"href":"https:\/\/elicromchile.com\/index.php?rest_route=\/wp\/v2\/product"}],"about":[{"href":"https:\/\/elicromchile.com\/index.php?rest_route=\/wp\/v2\/types\/product"}],"replies":[{"embeddable":true,"href":"https:\/\/elicromchile.com\/index.php?rest_route=%2Fwp%2Fv2%2Fcomments&post=82531"}],"wp:featuredmedia":[{"embeddable":true,"href":"https:\/\/elicromchile.com\/index.php?rest_route=\/wp\/v2\/media\/82608"}],"wp:attachment":[{"href":"https:\/\/elicromchile.com\/index.php?rest_route=%2Fwp%2Fv2%2Fmedia&parent=82531"}],"wp:term":[{"taxonomy":"product_brand","embeddable":true,"href":"https:\/\/elicromchile.com\/index.php?rest_route=%2Fwp%2Fv2%2Fproduct_brand&post=82531"},{"taxonomy":"product_cat","embeddable":true,"href":"https:\/\/elicromchile.com\/index.php?rest_route=%2Fwp%2Fv2%2Fproduct_cat&post=82531"},{"taxonomy":"product_tag","embeddable":true,"href":"https:\/\/elicromchile.com\/index.php?rest_route=%2Fwp%2Fv2%2Fproduct_tag&post=82531"}],"curies":[{"name":"wp","href":"https:\/\/api.w.org\/{rel}","templated":true}]}}