
{"id":82529,"date":"2026-03-18T16:34:38","date_gmt":"2026-03-18T16:34:38","guid":{"rendered":"https:\/\/elicromchile.com\/?post_type=product&#038;p=82529"},"modified":"2026-03-18T16:34:38","modified_gmt":"2026-03-18T16:34:38","slug":"48839","status":"publish","type":"product","link":"https:\/\/elicromchile.com\/?product=48839","title":{"rendered":"Term\u00f3metro de resistencia de platino"},"content":{"rendered":"<p>Especificaciones: <\/p>\n<p>-Term\u00f3metro de resistencia de platino<br \/>\n-Canal: 2<br \/>\n-Funci\u00f3n de registro de datos: Si<br \/>\n-Tipo de sonda: PT100 y PT1000<br \/>\n-Unidad: \u00b0C, \u00b0F<br \/>\n-Rango de medici\u00f3n: -200~800 \u00b0C<br \/>\n-Resoluci\u00f3n:<br \/>\nPT100: 0,01 \u00b0C (-200 ~ 800 \u00b0C)<br \/>\nPT1000: 0,001 \u00b0C (-99,999 ~ 99,999 \u00b0C)<br \/>\n0.01\u00b0C(Otros)<\/p>\n<p>-Exactitud:<br \/>\nPT100: \u00b1(0.05%|t|+0.10)\u00b0C<br \/>\nPT1000: \u00b1(0.05%|t|+0.05)\u00b0C<\/p>\n<p>-Medici\u00f3n de la velocidad: 1 vez\/segundo<br \/>\n-Calibraci\u00f3n: Calibraci\u00f3n multipunto<br \/>\n-Capacidad de almacenamiento de datos: 20000 grupos de lecturas<br \/>\n-Intervalo de muestra: Ajustable desde 1 ~ 86399 segundos<br \/>\n-Formato de archivo: Txt, csv, xls, dlg<br \/>\n-Compatibilidad: Windows XP\/Vista\/7\/8\/10<br \/>\n-Monitor: Pantalla LCD de matriz de puntos con retroiluminaci\u00f3n<br \/>\n-Temperatura de funcionamiento: -10 ~ 50 \u00b0C (sin condensaci\u00f3n)<br \/>\n-Temperatura de almacenamiento: -20 ~ 60 \u00b0C (sin bater\u00eda)<br \/>\n-Clase de protecci\u00f3n: IP52<\/p>\n<p>Funciones:<\/p>\n<p>-MCU de 32 bits, alta velocidad y bajo consumo<br \/>\n-Doble canal<br \/>\n-Compatible con PT100 y PT1000<br \/>\n-Resoluci\u00f3n de hasta 0,001 \u00b0C<br \/>\n-Precisi\u00f3n de f\u00e1brica de hasta \u00b1(0.05%|t|+0.05)\u00b0C<br \/>\n-Precisi\u00f3n de hasta \u00b10,015 \u00b0C despu\u00e9s de la calibraci\u00f3n del punto<\/p>\n<p>Aplicaciones:<\/p>\n<p>\u00b7 Medici\u00f3n f\u00edsica de laboratorio y<br \/>\n\u00b7 Grabaci\u00f3n<br \/>\n\u00b7 V\u00edveres<br \/>\n\u00b7 Medicina<br \/>\n\u00b7 Hogar<br \/>\n\u00b7 Industria, aeroespacial<br \/>\n\u00b7 Transporte de la cadena de fr\u00edo<br \/>\n\u00b7 Mercado de autom\u00f3viles<br \/>\n\u00b7 Procesamiento de metales<br \/>\n\u00b7 Ganado<br \/>\n\u00b7 Supermercado<\/p>\n","protected":false},"excerpt":{"rendered":"<p>Especificaciones: -Term\u00f3metro de resistencia de platino -Canal: 2 -Funci\u00f3n de registro de datos: Si -Tipo de sonda: PT100 y PT1000 -Unidad: \u00b0C, \u00b0F -Rango de medici\u00f3n: -200~800 \u00b0C -Resoluci\u00f3n: PT100:<\/p>\n","protected":false},"featured_media":82530,"comment_status":"open","ping_status":"closed","template":"","meta":[],"product_brand":[],"product_cat":[2086,2074,2084],"product_tag":[],"class_list":{"0":"post-82529","1":"product","2":"type-product","3":"status-publish","4":"has-post-thumbnail","6":"product_cat-de-mano1_31032026100609","7":"product_cat-productos9-iso-17025","8":"product_cat-termmetros1_31032026100552","10":"first","11":"outofstock","12":"taxable","13":"shipping-taxable","14":"purchasable","15":"product-type-simple"},"yoast_head":"<!-- This site is optimized with the Yoast SEO plugin v27.4 - https:\/\/yoast.com\/product\/yoast-seo-wordpress\/ -->\n<title>Term\u00f3metro de resistencia de platino - ELICROM<\/title>\n<meta name=\"robots\" content=\"index, follow, max-snippet:-1, max-image-preview:large, max-video-preview:-1\" \/>\n<link rel=\"canonical\" href=\"https:\/\/elicromchile.com\/?product=48839\" \/>\n<meta property=\"og:locale\" content=\"es_ES\" \/>\n<meta property=\"og:type\" content=\"article\" \/>\n<meta property=\"og:title\" content=\"Term\u00f3metro de resistencia de platino - ELICROM\" \/>\n<meta property=\"og:description\" content=\"Especificaciones: -Term\u00f3metro de resistencia de platino -Canal: 2 -Funci\u00f3n de registro de datos: Si -Tipo de sonda: PT100 y PT1000 -Unidad: \u00b0C, \u00b0F -Rango de medici\u00f3n: -200~800 \u00b0C -Resoluci\u00f3n: PT100:\" \/>\n<meta property=\"og:url\" content=\"https:\/\/elicromchile.com\/?product=48839\" \/>\n<meta property=\"og:site_name\" content=\"ELICROM\" \/>\n<meta property=\"og:image\" content=\"https:\/\/elicromchile.com\/wp-content\/uploads\/2026\/03\/48839-0.jpeg\" \/>\n\t<meta property=\"og:image:width\" content=\"800\" \/>\n\t<meta property=\"og:image:height\" content=\"800\" \/>\n\t<meta property=\"og:image:type\" content=\"image\/jpeg\" \/>\n<meta name=\"twitter:card\" content=\"summary_large_image\" \/>\n<meta name=\"twitter:label1\" content=\"Est. reading time\" \/>\n\t<meta name=\"twitter:data1\" content=\"1 minuto\" \/>\n<script type=\"application\/ld+json\" class=\"yoast-schema-graph\">{\"@context\":\"https:\\\/\\\/schema.org\",\"@graph\":[{\"@type\":\"WebPage\",\"@id\":\"https:\\\/\\\/elicromchile.com\\\/?product=48839\",\"url\":\"https:\\\/\\\/elicromchile.com\\\/?product=48839\",\"name\":\"Term\u00f3metro de resistencia de platino - ELICROM\",\"isPartOf\":{\"@id\":\"https:\\\/\\\/elicromchile.com\\\/#website\"},\"primaryImageOfPage\":{\"@id\":\"https:\\\/\\\/elicromchile.com\\\/?product=48839#primaryimage\"},\"image\":{\"@id\":\"https:\\\/\\\/elicromchile.com\\\/?product=48839#primaryimage\"},\"thumbnailUrl\":\"https:\\\/\\\/elicromchile.com\\\/wp-content\\\/uploads\\\/2026\\\/03\\\/48839-0.jpeg\",\"datePublished\":\"2026-03-18T16:34:38+00:00\",\"breadcrumb\":{\"@id\":\"https:\\\/\\\/elicromchile.com\\\/?product=48839#breadcrumb\"},\"inLanguage\":\"es\",\"potentialAction\":[{\"@type\":\"ReadAction\",\"target\":[\"https:\\\/\\\/elicromchile.com\\\/?product=48839\"]}]},{\"@type\":\"ImageObject\",\"inLanguage\":\"es\",\"@id\":\"https:\\\/\\\/elicromchile.com\\\/?product=48839#primaryimage\",\"url\":\"https:\\\/\\\/elicromchile.com\\\/wp-content\\\/uploads\\\/2026\\\/03\\\/48839-0.jpeg\",\"contentUrl\":\"https:\\\/\\\/elicromchile.com\\\/wp-content\\\/uploads\\\/2026\\\/03\\\/48839-0.jpeg\",\"width\":800,\"height\":800},{\"@type\":\"BreadcrumbList\",\"@id\":\"https:\\\/\\\/elicromchile.com\\\/?product=48839#breadcrumb\",\"itemListElement\":[{\"@type\":\"ListItem\",\"position\":1,\"name\":\"Home\",\"item\":\"https:\\\/\\\/elicromchile.com\\\/\"},{\"@type\":\"ListItem\",\"position\":2,\"name\":\"Productos\",\"item\":\"https:\\\/\\\/elicromchile.com\\\/?page_id=3853\"},{\"@type\":\"ListItem\",\"position\":3,\"name\":\"Term\u00f3metro de resistencia de platino\"}]},{\"@type\":\"WebSite\",\"@id\":\"https:\\\/\\\/elicromchile.com\\\/#website\",\"url\":\"https:\\\/\\\/elicromchile.com\\\/\",\"name\":\"ELICROM\",\"description\":\"Especializados en actividades espec\u00edficas como son las \u00e1reas de Metrolog\u00eda, Medio Ambiente, Validaciones, Mantenimiento de Equipos de Laboratorio y Construcci\u00f3n\\\/Reformas de Laboratorios.\",\"publisher\":{\"@id\":\"https:\\\/\\\/elicromchile.com\\\/#organization\"},\"potentialAction\":[{\"@type\":\"SearchAction\",\"target\":{\"@type\":\"EntryPoint\",\"urlTemplate\":\"https:\\\/\\\/elicromchile.com\\\/?s={search_term_string}\"},\"query-input\":{\"@type\":\"PropertyValueSpecification\",\"valueRequired\":true,\"valueName\":\"search_term_string\"}}],\"inLanguage\":\"es\"},{\"@type\":\"Organization\",\"@id\":\"https:\\\/\\\/elicromchile.com\\\/#organization\",\"name\":\"ELICROM\",\"url\":\"https:\\\/\\\/elicromchile.com\\\/\",\"logo\":{\"@type\":\"ImageObject\",\"inLanguage\":\"es\",\"@id\":\"https:\\\/\\\/elicromchile.com\\\/#\\\/schema\\\/logo\\\/image\\\/\",\"url\":\"\",\"contentUrl\":\"\",\"caption\":\"ELICROM\"},\"image\":{\"@id\":\"https:\\\/\\\/elicromchile.com\\\/#\\\/schema\\\/logo\\\/image\\\/\"}}]}<\/script>\n<!-- \/ Yoast SEO plugin. -->","yoast_head_json":{"title":"Term\u00f3metro de resistencia de platino - ELICROM","robots":{"index":"index","follow":"follow","max-snippet":"max-snippet:-1","max-image-preview":"max-image-preview:large","max-video-preview":"max-video-preview:-1"},"canonical":"https:\/\/elicromchile.com\/?product=48839","og_locale":"es_ES","og_type":"article","og_title":"Term\u00f3metro de resistencia de platino - ELICROM","og_description":"Especificaciones: -Term\u00f3metro de resistencia de platino -Canal: 2 -Funci\u00f3n de registro de datos: Si -Tipo de sonda: PT100 y PT1000 -Unidad: \u00b0C, \u00b0F -Rango de medici\u00f3n: -200~800 \u00b0C -Resoluci\u00f3n: PT100:","og_url":"https:\/\/elicromchile.com\/?product=48839","og_site_name":"ELICROM","og_image":[{"width":800,"height":800,"url":"https:\/\/elicromchile.com\/wp-content\/uploads\/2026\/03\/48839-0.jpeg","type":"image\/jpeg"}],"twitter_card":"summary_large_image","twitter_misc":{"Est. reading time":"1 minuto"},"schema":{"@context":"https:\/\/schema.org","@graph":[{"@type":"WebPage","@id":"https:\/\/elicromchile.com\/?product=48839","url":"https:\/\/elicromchile.com\/?product=48839","name":"Term\u00f3metro de resistencia de platino - ELICROM","isPartOf":{"@id":"https:\/\/elicromchile.com\/#website"},"primaryImageOfPage":{"@id":"https:\/\/elicromchile.com\/?product=48839#primaryimage"},"image":{"@id":"https:\/\/elicromchile.com\/?product=48839#primaryimage"},"thumbnailUrl":"https:\/\/elicromchile.com\/wp-content\/uploads\/2026\/03\/48839-0.jpeg","datePublished":"2026-03-18T16:34:38+00:00","breadcrumb":{"@id":"https:\/\/elicromchile.com\/?product=48839#breadcrumb"},"inLanguage":"es","potentialAction":[{"@type":"ReadAction","target":["https:\/\/elicromchile.com\/?product=48839"]}]},{"@type":"ImageObject","inLanguage":"es","@id":"https:\/\/elicromchile.com\/?product=48839#primaryimage","url":"https:\/\/elicromchile.com\/wp-content\/uploads\/2026\/03\/48839-0.jpeg","contentUrl":"https:\/\/elicromchile.com\/wp-content\/uploads\/2026\/03\/48839-0.jpeg","width":800,"height":800},{"@type":"BreadcrumbList","@id":"https:\/\/elicromchile.com\/?product=48839#breadcrumb","itemListElement":[{"@type":"ListItem","position":1,"name":"Home","item":"https:\/\/elicromchile.com\/"},{"@type":"ListItem","position":2,"name":"Productos","item":"https:\/\/elicromchile.com\/?page_id=3853"},{"@type":"ListItem","position":3,"name":"Term\u00f3metro de resistencia de platino"}]},{"@type":"WebSite","@id":"https:\/\/elicromchile.com\/#website","url":"https:\/\/elicromchile.com\/","name":"ELICROM","description":"Especializados en actividades espec\u00edficas como son las \u00e1reas de Metrolog\u00eda, Medio Ambiente, Validaciones, Mantenimiento de Equipos de Laboratorio y Construcci\u00f3n\/Reformas de Laboratorios.","publisher":{"@id":"https:\/\/elicromchile.com\/#organization"},"potentialAction":[{"@type":"SearchAction","target":{"@type":"EntryPoint","urlTemplate":"https:\/\/elicromchile.com\/?s={search_term_string}"},"query-input":{"@type":"PropertyValueSpecification","valueRequired":true,"valueName":"search_term_string"}}],"inLanguage":"es"},{"@type":"Organization","@id":"https:\/\/elicromchile.com\/#organization","name":"ELICROM","url":"https:\/\/elicromchile.com\/","logo":{"@type":"ImageObject","inLanguage":"es","@id":"https:\/\/elicromchile.com\/#\/schema\/logo\/image\/","url":"","contentUrl":"","caption":"ELICROM"},"image":{"@id":"https:\/\/elicromchile.com\/#\/schema\/logo\/image\/"}}]}},"_links":{"self":[{"href":"https:\/\/elicromchile.com\/index.php?rest_route=\/wp\/v2\/product\/82529","targetHints":{"allow":["GET"]}}],"collection":[{"href":"https:\/\/elicromchile.com\/index.php?rest_route=\/wp\/v2\/product"}],"about":[{"href":"https:\/\/elicromchile.com\/index.php?rest_route=\/wp\/v2\/types\/product"}],"replies":[{"embeddable":true,"href":"https:\/\/elicromchile.com\/index.php?rest_route=%2Fwp%2Fv2%2Fcomments&post=82529"}],"wp:featuredmedia":[{"embeddable":true,"href":"https:\/\/elicromchile.com\/index.php?rest_route=\/wp\/v2\/media\/82530"}],"wp:attachment":[{"href":"https:\/\/elicromchile.com\/index.php?rest_route=%2Fwp%2Fv2%2Fmedia&parent=82529"}],"wp:term":[{"taxonomy":"product_brand","embeddable":true,"href":"https:\/\/elicromchile.com\/index.php?rest_route=%2Fwp%2Fv2%2Fproduct_brand&post=82529"},{"taxonomy":"product_cat","embeddable":true,"href":"https:\/\/elicromchile.com\/index.php?rest_route=%2Fwp%2Fv2%2Fproduct_cat&post=82529"},{"taxonomy":"product_tag","embeddable":true,"href":"https:\/\/elicromchile.com\/index.php?rest_route=%2Fwp%2Fv2%2Fproduct_tag&post=82529"}],"curies":[{"name":"wp","href":"https:\/\/api.w.org\/{rel}","templated":true}]}}