
{"id":82527,"date":"2026-03-18T16:28:18","date_gmt":"2026-03-18T16:28:18","guid":{"rendered":"https:\/\/elicromchile.com\/?post_type=product&#038;p=82527"},"modified":"2026-03-18T16:28:18","modified_gmt":"2026-03-18T16:28:18","slug":"1413","status":"publish","type":"product","link":"https:\/\/elicromchile.com\/?product=1413","title":{"rendered":"Term\u00f3metro Datalogger de 4 canales"},"content":{"rendered":"<p>Especificaciones:<\/p>\n<p>-Rango: -200 ~ 1370 \u00b0C; -328 ~ 2498 \u00b0 F<br \/>\n-Precisi\u00f3n: \u00b10.2%rdg+1\u00b0C; \u00b10.3%rdg+2\u00b0F<br \/>\n-Resoluci\u00f3n: 0,1\u00b0C ; 0.1\u00b0F<br \/>\n-Protecci\u00f3n de entrada: 60 V CC o 24 Vrms CA m\u00e1ximo<br \/>\n-Temperatura de operaci\u00f3n: -10 \u00b0C ~ 50 \u00b0C (<90% RH)\n-Temperatura de almacenamiento: -40 \u00b0C ~ 60 \u00b0C (<75% HR)\n-Bater\u00eda: bater\u00eda de 9V\n-Dimensiones: 184x64x30 mm\n-Registrador de datos de 16,000 registros por canal\n\nFunciones: \n\n-Apagado autom\u00e1tico \n-Entrada de cuatro canales\n-Pantalla de cuatro canales \n-Amplio rango de medici\u00f3n \n-Con software de Windows\n-Interfaz de PC \n-Registrador de datos de 16.000 registros en cada canal\n-Resoluci\u00f3n 0,1 \u00b0C, 0,1 \u00b0F\n<\/p>\n","protected":false},"excerpt":{"rendered":"<p>Especificaciones: -Rango: -200 ~ 1370 \u00b0C; -328 ~ 2498 \u00b0 F -Precisi\u00f3n: \u00b10.2%rdg+1\u00b0C; \u00b10.3%rdg+2\u00b0F -Resoluci\u00f3n: 0,1\u00b0C ; 0.1\u00b0F -Protecci\u00f3n de entrada: 60 V CC o 24 Vrms CA m\u00e1ximo -Temperatura<\/p>\n","protected":false},"featured_media":82528,"comment_status":"open","ping_status":"closed","template":"","meta":[],"product_brand":[],"product_cat":[2086,2074,2084],"product_tag":[],"class_list":{"0":"post-82527","1":"product","2":"type-product","3":"status-publish","4":"has-post-thumbnail","6":"product_cat-de-mano1_31032026100609","7":"product_cat-productos9-iso-17025","8":"product_cat-termmetros1_31032026100552","10":"first","11":"outofstock","12":"taxable","13":"shipping-taxable","14":"purchasable","15":"product-type-simple"},"yoast_head":"<!-- This site is optimized with the Yoast SEO plugin v27.4 - https:\/\/yoast.com\/product\/yoast-seo-wordpress\/ -->\n<title>Term\u00f3metro Datalogger de 4 canales - ELICROM<\/title>\n<meta name=\"robots\" content=\"index, follow, max-snippet:-1, max-image-preview:large, max-video-preview:-1\" \/>\n<link rel=\"canonical\" href=\"https:\/\/elicromchile.com\/?product=1413\" \/>\n<meta property=\"og:locale\" content=\"es_ES\" \/>\n<meta property=\"og:type\" content=\"article\" \/>\n<meta property=\"og:title\" content=\"Term\u00f3metro Datalogger de 4 canales - ELICROM\" \/>\n<meta property=\"og:description\" content=\"Especificaciones: -Rango: -200 ~ 1370 \u00b0C; -328 ~ 2498 \u00b0 F -Precisi\u00f3n: \u00b10.2%rdg+1\u00b0C; \u00b10.3%rdg+2\u00b0F -Resoluci\u00f3n: 0,1\u00b0C ; 0.1\u00b0F -Protecci\u00f3n de entrada: 60 V CC o 24 Vrms CA m\u00e1ximo -Temperatura\" \/>\n<meta property=\"og:url\" content=\"https:\/\/elicromchile.com\/?product=1413\" \/>\n<meta property=\"og:site_name\" content=\"ELICROM\" \/>\n<meta property=\"og:image\" content=\"https:\/\/elicromchile.com\/wp-content\/uploads\/2026\/03\/1413-0.jpeg\" \/>\n\t<meta property=\"og:image:width\" content=\"800\" \/>\n\t<meta property=\"og:image:height\" content=\"800\" \/>\n\t<meta property=\"og:image:type\" content=\"image\/jpeg\" \/>\n<meta name=\"twitter:card\" content=\"summary_large_image\" \/>\n<script type=\"application\/ld+json\" class=\"yoast-schema-graph\">{\"@context\":\"https:\\\/\\\/schema.org\",\"@graph\":[{\"@type\":\"WebPage\",\"@id\":\"https:\\\/\\\/elicromchile.com\\\/?product=1413\",\"url\":\"https:\\\/\\\/elicromchile.com\\\/?product=1413\",\"name\":\"Term\u00f3metro Datalogger de 4 canales - ELICROM\",\"isPartOf\":{\"@id\":\"https:\\\/\\\/elicromchile.com\\\/#website\"},\"primaryImageOfPage\":{\"@id\":\"https:\\\/\\\/elicromchile.com\\\/?product=1413#primaryimage\"},\"image\":{\"@id\":\"https:\\\/\\\/elicromchile.com\\\/?product=1413#primaryimage\"},\"thumbnailUrl\":\"https:\\\/\\\/elicromchile.com\\\/wp-content\\\/uploads\\\/2026\\\/03\\\/1413-0.jpeg\",\"datePublished\":\"2026-03-18T16:28:18+00:00\",\"breadcrumb\":{\"@id\":\"https:\\\/\\\/elicromchile.com\\\/?product=1413#breadcrumb\"},\"inLanguage\":\"es\",\"potentialAction\":[{\"@type\":\"ReadAction\",\"target\":[\"https:\\\/\\\/elicromchile.com\\\/?product=1413\"]}]},{\"@type\":\"ImageObject\",\"inLanguage\":\"es\",\"@id\":\"https:\\\/\\\/elicromchile.com\\\/?product=1413#primaryimage\",\"url\":\"https:\\\/\\\/elicromchile.com\\\/wp-content\\\/uploads\\\/2026\\\/03\\\/1413-0.jpeg\",\"contentUrl\":\"https:\\\/\\\/elicromchile.com\\\/wp-content\\\/uploads\\\/2026\\\/03\\\/1413-0.jpeg\",\"width\":800,\"height\":800},{\"@type\":\"BreadcrumbList\",\"@id\":\"https:\\\/\\\/elicromchile.com\\\/?product=1413#breadcrumb\",\"itemListElement\":[{\"@type\":\"ListItem\",\"position\":1,\"name\":\"Home\",\"item\":\"https:\\\/\\\/elicromchile.com\\\/\"},{\"@type\":\"ListItem\",\"position\":2,\"name\":\"Productos\",\"item\":\"https:\\\/\\\/elicromchile.com\\\/?page_id=3853\"},{\"@type\":\"ListItem\",\"position\":3,\"name\":\"Term\u00f3metro Datalogger de 4 canales\"}]},{\"@type\":\"WebSite\",\"@id\":\"https:\\\/\\\/elicromchile.com\\\/#website\",\"url\":\"https:\\\/\\\/elicromchile.com\\\/\",\"name\":\"ELICROM\",\"description\":\"Especializados en actividades espec\u00edficas como son las \u00e1reas de Metrolog\u00eda, Medio Ambiente, Validaciones, Mantenimiento de Equipos de Laboratorio y Construcci\u00f3n\\\/Reformas de Laboratorios.\",\"publisher\":{\"@id\":\"https:\\\/\\\/elicromchile.com\\\/#organization\"},\"potentialAction\":[{\"@type\":\"SearchAction\",\"target\":{\"@type\":\"EntryPoint\",\"urlTemplate\":\"https:\\\/\\\/elicromchile.com\\\/?s={search_term_string}\"},\"query-input\":{\"@type\":\"PropertyValueSpecification\",\"valueRequired\":true,\"valueName\":\"search_term_string\"}}],\"inLanguage\":\"es\"},{\"@type\":\"Organization\",\"@id\":\"https:\\\/\\\/elicromchile.com\\\/#organization\",\"name\":\"ELICROM\",\"url\":\"https:\\\/\\\/elicromchile.com\\\/\",\"logo\":{\"@type\":\"ImageObject\",\"inLanguage\":\"es\",\"@id\":\"https:\\\/\\\/elicromchile.com\\\/#\\\/schema\\\/logo\\\/image\\\/\",\"url\":\"\",\"contentUrl\":\"\",\"caption\":\"ELICROM\"},\"image\":{\"@id\":\"https:\\\/\\\/elicromchile.com\\\/#\\\/schema\\\/logo\\\/image\\\/\"}}]}<\/script>\n<!-- \/ Yoast SEO plugin. -->","yoast_head_json":{"title":"Term\u00f3metro Datalogger de 4 canales - ELICROM","robots":{"index":"index","follow":"follow","max-snippet":"max-snippet:-1","max-image-preview":"max-image-preview:large","max-video-preview":"max-video-preview:-1"},"canonical":"https:\/\/elicromchile.com\/?product=1413","og_locale":"es_ES","og_type":"article","og_title":"Term\u00f3metro Datalogger de 4 canales - ELICROM","og_description":"Especificaciones: -Rango: -200 ~ 1370 \u00b0C; -328 ~ 2498 \u00b0 F -Precisi\u00f3n: \u00b10.2%rdg+1\u00b0C; \u00b10.3%rdg+2\u00b0F -Resoluci\u00f3n: 0,1\u00b0C ; 0.1\u00b0F -Protecci\u00f3n de entrada: 60 V CC o 24 Vrms CA m\u00e1ximo -Temperatura","og_url":"https:\/\/elicromchile.com\/?product=1413","og_site_name":"ELICROM","og_image":[{"width":800,"height":800,"url":"https:\/\/elicromchile.com\/wp-content\/uploads\/2026\/03\/1413-0.jpeg","type":"image\/jpeg"}],"twitter_card":"summary_large_image","schema":{"@context":"https:\/\/schema.org","@graph":[{"@type":"WebPage","@id":"https:\/\/elicromchile.com\/?product=1413","url":"https:\/\/elicromchile.com\/?product=1413","name":"Term\u00f3metro Datalogger de 4 canales - ELICROM","isPartOf":{"@id":"https:\/\/elicromchile.com\/#website"},"primaryImageOfPage":{"@id":"https:\/\/elicromchile.com\/?product=1413#primaryimage"},"image":{"@id":"https:\/\/elicromchile.com\/?product=1413#primaryimage"},"thumbnailUrl":"https:\/\/elicromchile.com\/wp-content\/uploads\/2026\/03\/1413-0.jpeg","datePublished":"2026-03-18T16:28:18+00:00","breadcrumb":{"@id":"https:\/\/elicromchile.com\/?product=1413#breadcrumb"},"inLanguage":"es","potentialAction":[{"@type":"ReadAction","target":["https:\/\/elicromchile.com\/?product=1413"]}]},{"@type":"ImageObject","inLanguage":"es","@id":"https:\/\/elicromchile.com\/?product=1413#primaryimage","url":"https:\/\/elicromchile.com\/wp-content\/uploads\/2026\/03\/1413-0.jpeg","contentUrl":"https:\/\/elicromchile.com\/wp-content\/uploads\/2026\/03\/1413-0.jpeg","width":800,"height":800},{"@type":"BreadcrumbList","@id":"https:\/\/elicromchile.com\/?product=1413#breadcrumb","itemListElement":[{"@type":"ListItem","position":1,"name":"Home","item":"https:\/\/elicromchile.com\/"},{"@type":"ListItem","position":2,"name":"Productos","item":"https:\/\/elicromchile.com\/?page_id=3853"},{"@type":"ListItem","position":3,"name":"Term\u00f3metro Datalogger de 4 canales"}]},{"@type":"WebSite","@id":"https:\/\/elicromchile.com\/#website","url":"https:\/\/elicromchile.com\/","name":"ELICROM","description":"Especializados en actividades espec\u00edficas como son las \u00e1reas de Metrolog\u00eda, Medio Ambiente, Validaciones, Mantenimiento de Equipos de Laboratorio y Construcci\u00f3n\/Reformas de Laboratorios.","publisher":{"@id":"https:\/\/elicromchile.com\/#organization"},"potentialAction":[{"@type":"SearchAction","target":{"@type":"EntryPoint","urlTemplate":"https:\/\/elicromchile.com\/?s={search_term_string}"},"query-input":{"@type":"PropertyValueSpecification","valueRequired":true,"valueName":"search_term_string"}}],"inLanguage":"es"},{"@type":"Organization","@id":"https:\/\/elicromchile.com\/#organization","name":"ELICROM","url":"https:\/\/elicromchile.com\/","logo":{"@type":"ImageObject","inLanguage":"es","@id":"https:\/\/elicromchile.com\/#\/schema\/logo\/image\/","url":"","contentUrl":"","caption":"ELICROM"},"image":{"@id":"https:\/\/elicromchile.com\/#\/schema\/logo\/image\/"}}]}},"_links":{"self":[{"href":"https:\/\/elicromchile.com\/index.php?rest_route=\/wp\/v2\/product\/82527","targetHints":{"allow":["GET"]}}],"collection":[{"href":"https:\/\/elicromchile.com\/index.php?rest_route=\/wp\/v2\/product"}],"about":[{"href":"https:\/\/elicromchile.com\/index.php?rest_route=\/wp\/v2\/types\/product"}],"replies":[{"embeddable":true,"href":"https:\/\/elicromchile.com\/index.php?rest_route=%2Fwp%2Fv2%2Fcomments&post=82527"}],"wp:featuredmedia":[{"embeddable":true,"href":"https:\/\/elicromchile.com\/index.php?rest_route=\/wp\/v2\/media\/82528"}],"wp:attachment":[{"href":"https:\/\/elicromchile.com\/index.php?rest_route=%2Fwp%2Fv2%2Fmedia&parent=82527"}],"wp:term":[{"taxonomy":"product_brand","embeddable":true,"href":"https:\/\/elicromchile.com\/index.php?rest_route=%2Fwp%2Fv2%2Fproduct_brand&post=82527"},{"taxonomy":"product_cat","embeddable":true,"href":"https:\/\/elicromchile.com\/index.php?rest_route=%2Fwp%2Fv2%2Fproduct_cat&post=82527"},{"taxonomy":"product_tag","embeddable":true,"href":"https:\/\/elicromchile.com\/index.php?rest_route=%2Fwp%2Fv2%2Fproduct_tag&post=82527"}],"curies":[{"name":"wp","href":"https:\/\/api.w.org\/{rel}","templated":true}]}}