
{"id":82573,"date":"2026-05-06T09:18:26","date_gmt":"2026-05-06T14:18:26","guid":{"rendered":"https:\/\/elicromchile.com\/?page_id=82573"},"modified":"2026-05-06T09:18:26","modified_gmt":"2026-05-06T14:18:26","slug":"refund_returns","status":"publish","type":"page","link":"https:\/\/elicromchile.com\/?page_id=82573","title":{"rendered":"Pol\u00edtica de devoluciones y cambios"},"content":{"rendered":"<p data-start=\"1123\" data-end=\"1315\">En ELICROM CHILE entendemos la importancia de recibir productos adecuados a sus necesidades. Por esta raz\u00f3n, contamos con una pol\u00edtica de devoluciones orientada a brindarle confianza y respaldo.<\/p>\n<h3 data-section-id=\"1ubyky6\" data-start=\"1317\" data-end=\"1330\"><span role=\"text\"><strong data-start=\"1321\" data-end=\"1330\">Plazo<\/strong><\/span><\/h3>\n<p data-start=\"1331\" data-end=\"1429\">Las solicitudes deben realizarse dentro de los <strong data-start=\"1378\" data-end=\"1396\">5 d\u00edas h\u00e1biles<\/strong> desde la recepci\u00f3n del producto.<\/p>\n<h3 data-section-id=\"1ixlvvy\" data-start=\"1431\" data-end=\"1449\"><span role=\"text\"><strong data-start=\"1435\" data-end=\"1449\">Requisitos<\/strong><\/span><\/h3>\n<ul data-start=\"1450\" data-end=\"1555\">\n<li data-section-id=\"qji7zy\" data-start=\"1450\" data-end=\"1498\">Producto sin uso y en condiciones originales<\/li>\n<li data-section-id=\"41dnti\" data-start=\"1499\" data-end=\"1531\">Empaque completo y sin da\u00f1os<\/li>\n<li data-section-id=\"1w8lkdn\" data-start=\"1532\" data-end=\"1555\">Documento de compra<\/li>\n<\/ul>\n<h3 data-section-id=\"tp6plx\" data-start=\"1557\" data-end=\"1575\"><span role=\"text\"><strong data-start=\"1561\" data-end=\"1575\">Importante<\/strong><\/span><\/h3>\n<p data-start=\"1576\" data-end=\"1662\">No se aceptan devoluciones de productos calibrados, fabricados a medida o consumibles.<\/p>\n<h3 data-section-id=\"35gewu\" data-start=\"1664\" data-end=\"1691\"><span role=\"text\"><strong data-start=\"1668\" data-end=\"1691\">Atenci\u00f3n al cliente<\/strong><\/span><\/h3>\n<p data-start=\"1692\" data-end=\"1806\">Nuestro equipo le brindar\u00e1 acompa\u00f1amiento durante todo el proceso para garantizar una soluci\u00f3n r\u00e1pida y eficiente.<\/p>\n","protected":false},"excerpt":{"rendered":"<p>En ELICROM CHILE entendemos la importancia de recibir productos adecuados a sus necesidades. Por esta raz\u00f3n, contamos con una pol\u00edtica de devoluciones orientada a brindarle confianza y respaldo. Plazo Las<\/p>\n","protected":false},"author":1,"featured_media":0,"parent":0,"menu_order":0,"comment_status":"closed","ping_status":"closed","template":"","meta":{"om_disable_all_campaigns":false,"_monsterinsights_skip_tracking":false,"_monsterinsights_sitenote_active":false,"_monsterinsights_sitenote_note":"","_monsterinsights_sitenote_category":0,"footnotes":""},"class_list":["post-82573","page","type-page","status-publish","hentry"],"aioseo_notices":[],"_links":{"self":[{"href":"https:\/\/elicromchile.com\/index.php?rest_route=\/wp\/v2\/pages\/82573","targetHints":{"allow":["GET"]}}],"collection":[{"href":"https:\/\/elicromchile.com\/index.php?rest_route=\/wp\/v2\/pages"}],"about":[{"href":"https:\/\/elicromchile.com\/index.php?rest_route=\/wp\/v2\/types\/page"}],"author":[{"embeddable":true,"href":"https:\/\/elicromchile.com\/index.php?rest_route=\/wp\/v2\/users\/1"}],"replies":[{"embeddable":true,"href":"https:\/\/elicromchile.com\/index.php?rest_route=%2Fwp%2Fv2%2Fcomments&post=82573"}],"version-history":[{"count":2,"href":"https:\/\/elicromchile.com\/index.php?rest_route=\/wp\/v2\/pages\/82573\/revisions"}],"predecessor-version":[{"id":82728,"href":"https:\/\/elicromchile.com\/index.php?rest_route=\/wp\/v2\/pages\/82573\/revisions\/82728"}],"wp:attachment":[{"href":"https:\/\/elicromchile.com\/index.php?rest_route=%2Fwp%2Fv2%2Fmedia&parent=82573"}],"curies":[{"name":"wp","href":"https:\/\/api.w.org\/{rel}","templated":true}]}}