
{"id":82278,"date":"2026-03-13T09:22:29","date_gmt":"2026-03-13T14:22:29","guid":{"rendered":"https:\/\/elicromchile.com\/?page_id=82278"},"modified":"2026-03-31T11:24:11","modified_gmt":"2026-03-31T16:24:11","slug":"micropipetas","status":"publish","type":"page","link":"https:\/\/elicromchile.com\/?page_id=82278","title":{"rendered":"Micropipetas"},"content":{"rendered":"<div class=\"vc_row wpb_row vc_row-fluid\"><div class=\"wpb_column vc_column_container vc_col-sm-12\"><div class=\"vc_column-inner\"><div class=\"wpb_wrapper\">\n\t<div class=\"wpb_text_column wpb_content_element \" >\n\t\t<div class=\"wpb_wrapper\">\n\t\t\t<p><strong><span style=\"color: #419fd2; text-align: center; font-size: 32px;\">MANEJO DE L\u00cdQUIDOS<\/span><\/strong><br \/>\nPipetas de alta precisi\u00f3n y confiabilidad, dise\u00f1ada para cumplir con los est\u00e1ndares m\u00e1s exigentes de laboratorios cl\u00ednicos, industriales y de investigaci\u00f3n<\/p>\n<p><img loading=\"lazy\" decoding=\"async\" class=\"size-medium wp-image-82590 aligncenter\" src=\"https:\/\/elicromchile.com\/wp-content\/uploads\/2026\/03\/micropipet-300x300.png\" alt=\"\" width=\"300\" height=\"300\" srcset=\"https:\/\/elicromchile.com\/wp-content\/uploads\/2026\/03\/micropipet-300x300.png 300w, https:\/\/elicromchile.com\/wp-content\/uploads\/2026\/03\/micropipet-1024x1024.png 1024w, https:\/\/elicromchile.com\/wp-content\/uploads\/2026\/03\/micropipet-150x150.png 150w, https:\/\/elicromchile.com\/wp-content\/uploads\/2026\/03\/micropipet-768x768.png 768w, https:\/\/elicromchile.com\/wp-content\/uploads\/2026\/03\/micropipet-600x600.png 600w, https:\/\/elicromchile.com\/wp-content\/uploads\/2026\/03\/micropipet-100x100.png 100w, https:\/\/elicromchile.com\/wp-content\/uploads\/2026\/03\/micropipet.png 1200w\" sizes=\"auto, (max-width: 300px) 100vw, 300px\" \/><\/p>\n<table style=\"width: 50%; margin: 5px auto; border-collapse: collapse; box-shadow: 0 3px 10px rgba(0,0,0,0.08);\" border=\"1\">\n<tbody>\n<tr style=\"background: #419fd2;\">\n<th style=\"text-align: center;\"><strong><span style=\"color: #ffffff; text-align: center; font-size: 18px;\">C\u00d3DIGO<\/span><\/strong><\/th>\n<th style=\"text-align: center;\"><strong><span style=\"color: #ffffff; text-align: center; font-size: 18px;\">VOLUMEN<\/span><\/strong><\/th>\n<th style=\"text-align: center;\"><strong><span style=\"color: #ffffff; text-align: center; font-size: 18px;\">TIPO<\/span><\/strong><\/th>\n<th style=\"text-align: center;\"><strong><span style=\"color: #ffffff; text-align: center; font-size: 18px;\">PVP<\/span><\/strong><\/th>\n<\/tr>\n<tr>\n<td style=\"background: #e2f6ff;\"><strong> A3009 <\/strong><\/td>\n<td style=\"text-align: center;\">10 \u00b5l<\/td>\n<td style=\"text-align: center;\">Fijo<\/td>\n<td style=\"text-align: center; color: #0f0f91;\"><strong><a href=\"https:\/\/elicromchile.com\/?product=60965\"><u><span class=\"electro-price\"><span class=\"woocs_price_code\" data-product-id=\"82419\"><span class=\"woocommerce-Price-amount amount\"><bdi><span class=\"woocommerce-Price-currencySymbol\">&#36;<\/span>&nbsp;84,490.00<\/bdi><\/span><\/span><\/span><\/u><\/a><\/strong><\/td>\n<\/tr>\n<tr>\n<td style=\"background: #e2f6ff;\"><strong> A3013 <\/strong><\/td>\n<td style=\"text-align: center;\">100 \u00b5l<\/td>\n<td style=\"text-align: center;\">Fijo<\/td>\n<td style=\"text-align: center; color: #0f0f91;\"><strong><a href=\"https:\/\/elicromchile.com\/?product=60966\"><u><span class=\"electro-price\"><span class=\"woocs_price_code\" data-product-id=\"82421\"><span class=\"woocommerce-Price-amount amount\"><bdi><span class=\"woocommerce-Price-currencySymbol\">&#36;<\/span>&nbsp;73,780.00<\/bdi><\/span><\/span><\/span><\/u><\/a><\/strong><\/td>\n<\/tr>\n<tr>\n<td style=\"background: #e2f6ff;\"><strong> A3014 <\/strong><\/td>\n<td style=\"text-align: center;\">200 \u00b5l<\/td>\n<td style=\"text-align: center;\">Fijo<\/td>\n<td style=\"text-align: center; color: #0f0f91;\"><strong><a href=\"https:\/\/elicromchile.com\/?product=60967\"><u><span class=\"electro-price\"><span class=\"woocs_price_code\" data-product-id=\"82423\"><span class=\"woocommerce-Price-amount amount\"><bdi><span class=\"woocommerce-Price-currencySymbol\">&#36;<\/span>&nbsp;73,780.00<\/bdi><\/span><\/span><\/span><\/u><\/a><\/strong><\/td>\n<\/tr>\n<tr>\n<td style=\"background: #e2f6ff;\"><strong> A3016 <\/strong><\/td>\n<td style=\"text-align: center;\">500 \u00b5l<\/td>\n<td style=\"text-align: center;\">Fijo<\/td>\n<td style=\"text-align: center; color: #0f0f91;\"><strong><a href=\"https:\/\/elicromchile.com\/?product=60968\"><u><span class=\"electro-price\"><span class=\"woocs_price_code\" data-product-id=\"82425\"><span class=\"woocommerce-Price-amount amount\"><bdi><span class=\"woocommerce-Price-currencySymbol\">&#36;<\/span>&nbsp;61,880.00<\/bdi><\/span><\/span><\/span><\/u><\/a><\/strong><\/td>\n<\/tr>\n<tr>\n<td style=\"background: #e2f6ff;\"><strong> A3017 <\/strong><\/td>\n<td style=\"text-align: center;\">1000 \u00b5l<\/td>\n<td style=\"text-align: center;\">Fijo<\/td>\n<td style=\"text-align: center; color: #0f0f91;\"><strong><a href=\"https:\/\/elicromchile.com\/?product=60959\"><u><span class=\"electro-price\"><span class=\"woocs_price_code\" data-product-id=\"82427\"><span class=\"woocommerce-Price-amount amount\"><bdi><span class=\"woocommerce-Price-currencySymbol\">&#36;<\/span>&nbsp;61,880.00<\/bdi><\/span><\/span><\/span><\/u><\/a><\/strong><\/td>\n<\/tr>\n<tr>\n<td style=\"background: #e2f6ff;\"><strong> A3018 <\/strong><\/td>\n<td style=\"text-align: center;\">2000 \u00b5l<\/td>\n<td style=\"text-align: center;\">Fijo<\/td>\n<td style=\"text-align: center; color: #0f0f91;\"><strong><a href=\"https:\/\/elicromchile.com\/?product=60969\"><u><span class=\"electro-price\"><span class=\"woocs_price_code\" data-product-id=\"82429\"><span class=\"woocommerce-Price-amount amount\"><bdi><span class=\"woocommerce-Price-currencySymbol\">&#36;<\/span>&nbsp;61,880.00<\/bdi><\/span><\/span><\/span><\/u><\/a><\/strong><\/td>\n<\/tr>\n<tr>\n<td style=\"background: #e2f6ff;\"><strong> A3020 <\/strong><\/td>\n<td style=\"text-align: center;\">5000 \u00b5l<\/td>\n<td style=\"text-align: center;\">Fijo<\/td>\n<td style=\"text-align: center; color: #0f0f91;\"><strong><a href=\"https:\/\/elicromchile.com\/?product=60970\"><u><span class=\"electro-price\"><span class=\"woocs_price_code\" data-product-id=\"82431\"><span class=\"woocommerce-Price-amount amount\"><bdi><span class=\"woocommerce-Price-currencySymbol\">&#36;<\/span>&nbsp;61,880.00<\/bdi><\/span><\/span><\/span><\/u><\/a><\/strong><\/td>\n<\/tr>\n<tr>\n<td style=\"background: #e2f6ff;\"><strong> A3022 <\/strong><\/td>\n<td style=\"text-align: center;\">0.5 &#8211; 10 \u00b5l<\/td>\n<td style=\"text-align: center;\">Variable<\/td>\n<td style=\"text-align: center; color: #0f0f91;\"><strong><a href=\"https:\/\/elicromchile.com\/?product=60798\"><u><span class=\"electro-price\"><span class=\"woocs_price_code\" data-product-id=\"82433\"><span class=\"woocommerce-Price-amount amount\"><bdi><span class=\"woocommerce-Price-currencySymbol\">&#36;<\/span>&nbsp;86,870.00<\/bdi><\/span><\/span><\/span><\/u><\/a><\/strong><\/td>\n<\/tr>\n<tr>\n<td style=\"background: #e2f6ff;\"><strong> A3024 <\/strong><\/td>\n<td style=\"text-align: center;\">5 &#8211; 50 \u00b5l<\/td>\n<td style=\"text-align: center;\">Variable<\/td>\n<td style=\"text-align: center; color: #0f0f91;\"><strong><a href=\"https:\/\/elicromchile.com\/?product=60971\"><u><span class=\"electro-price\"><span class=\"woocs_price_code\" data-product-id=\"82435\"><span class=\"woocommerce-Price-amount amount\"><bdi><span class=\"woocommerce-Price-currencySymbol\">&#36;<\/span>&nbsp;74,970.00<\/bdi><\/span><\/span><\/span><\/u><\/a><\/strong><\/td>\n<\/tr>\n<tr>\n<td style=\"background: #e2f6ff;\"><strong> A3025 <\/strong><\/td>\n<td style=\"text-align: center;\">10 &#8211; 100 \u00b5l<\/td>\n<td style=\"text-align: center;\">Variable<\/td>\n<td style=\"text-align: center; color: #0f0f91;\"><strong><a href=\"https:\/\/elicromchile.com\/?product=60800\"><u><span class=\"electro-price\"><span class=\"woocs_price_code\" data-product-id=\"82437\"><span class=\"woocommerce-Price-amount amount\"><bdi><span class=\"woocommerce-Price-currencySymbol\">&#36;<\/span>&nbsp;74,970.00<\/bdi><\/span><\/span><\/span><\/u><\/a><\/strong><\/td>\n<\/tr>\n<tr>\n<td style=\"background: #e2f6ff;\"><strong> A3027 <\/strong><\/td>\n<td style=\"text-align: center;\">50 &#8211; 200 \u00b5l<\/td>\n<td style=\"text-align: center;\">Variable<\/td>\n<td style=\"text-align: center; color: #0f0f91;\"><strong><a href=\"https:\/\/elicromchile.com\/?product=60972\"><u><span class=\"electro-price\"><span class=\"woocs_price_code\" data-product-id=\"82439\"><span class=\"woocommerce-Price-amount amount\"><bdi><span class=\"woocommerce-Price-currencySymbol\">&#36;<\/span>&nbsp;64,260.00<\/bdi><\/span><\/span><\/span><\/u><\/a><\/strong><\/td>\n<\/tr>\n<tr>\n<td style=\"background: #e2f6ff;\"><strong> A3028 <\/strong><\/td>\n<td style=\"text-align: center;\">100 &#8211; 1000 \u00b5l<\/td>\n<td style=\"text-align: center;\">Variable<\/td>\n<td style=\"text-align: center; color: #0f0f91;\"><strong><a href=\"https:\/\/elicromchile.com\/?product=60801\"><u><span class=\"electro-price\"><span class=\"woocs_price_code\" data-product-id=\"82441\"><span class=\"woocommerce-Price-amount amount\"><bdi><span class=\"woocommerce-Price-currencySymbol\">&#36;<\/span>&nbsp;64,260.00<\/bdi><\/span><\/span><\/span><\/u><\/a><\/strong><\/td>\n<\/tr>\n<tr>\n<td style=\"background: #e2f6ff;\"><strong> A3030 <\/strong><\/td>\n<td style=\"text-align: center;\">1000 &#8211; 5000 \u00b5l<\/td>\n<td style=\"text-align: center;\">Variable<\/td>\n<td style=\"text-align: center; color: #0f0f91;\"><strong><a href=\"https:\/\/elicromchile.com\/?product=60636\"><u><span class=\"electro-price\"><span class=\"woocs_price_code\" data-product-id=\"82443\"><span class=\"woocommerce-Price-amount amount\"><bdi><span class=\"woocommerce-Price-currencySymbol\">&#36;<\/span>&nbsp;64,260.00<\/bdi><\/span><\/span><\/span><\/u><\/a><\/strong><\/td>\n<\/tr>\n<\/tbody>\n<\/table>\n\n\t\t<\/div>\n\t<\/div>\n<\/div><\/div><\/div><\/div><div class=\"vc_row wpb_row vc_row-fluid\"><div class=\"wpb_column vc_column_container vc_col-sm-12\"><div class=\"vc_column-inner\"><div class=\"wpb_wrapper\">\n\t<div class=\"wpb_raw_code wpb_raw_js\" >\n\t\t<div class=\"wpb_wrapper\">\n\t\t\t<script>\njQuery(function($){\n\n    \/\/ abrir men\u00fa principal\n    $('.departments-menu-v2 > .dropdown')\n        .addClass('open')\n        .children('.dropdown-menu')\n        .addClass('show');\n\n    \/\/ CLAVE: eliminar display:none inline\n    $('.departments-menu-v2 .sub-menu').removeAttr('style');\n\n});\n<\/script>\n\t\t<\/div>\n\t<\/div>\n<\/div><\/div><\/div><\/div>\n","protected":false},"excerpt":{"rendered":"MANEJO DE L\u00cdQUIDOS Pipetas de alta precisi\u00f3n y confiabilidad, dise\u00f1ada para cumplir con los est\u00e1ndares m\u00e1s exigentes de laboratorios cl\u00ednicos, industriales y de investigaci\u00f3n C\u00d3DIGO VOLUMEN TIPO PVP A3009 10","protected":false},"author":3,"featured_media":0,"parent":0,"menu_order":0,"comment_status":"closed","ping_status":"closed","template":"template-page-sidebar-left.php","meta":{"footnotes":""},"class_list":["post-82278","page","type-page","status-publish","hentry"],"yoast_head":"<!-- This site is optimized with the Yoast SEO plugin v27.4 - https:\/\/yoast.com\/product\/yoast-seo-wordpress\/ -->\n<title>Micropipetas - ELICROM<\/title>\n<meta name=\"robots\" content=\"index, follow, max-snippet:-1, max-image-preview:large, max-video-preview:-1\" \/>\n<link rel=\"canonical\" href=\"https:\/\/elicromchile.com\/?page_id=82278\" \/>\n<meta property=\"og:locale\" content=\"es_ES\" \/>\n<meta property=\"og:type\" content=\"article\" \/>\n<meta property=\"og:title\" content=\"Micropipetas - ELICROM\" \/>\n<meta property=\"og:url\" content=\"https:\/\/elicromchile.com\/?page_id=82278\" \/>\n<meta property=\"og:site_name\" content=\"ELICROM\" \/>\n<meta property=\"article:modified_time\" content=\"2026-03-31T16:24:11+00:00\" \/>\n<meta property=\"og:image\" content=\"https:\/\/elicromchile.com\/wp-content\/uploads\/2026\/03\/micropipet.png\" \/>\n\t<meta property=\"og:image:width\" content=\"1200\" \/>\n\t<meta property=\"og:image:height\" content=\"1200\" \/>\n\t<meta property=\"og:image:type\" content=\"image\/png\" \/>\n<meta name=\"twitter:card\" content=\"summary_large_image\" \/>\n<meta name=\"twitter:label1\" content=\"Est. reading time\" \/>\n\t<meta name=\"twitter:data1\" content=\"1 minuto\" \/>\n<script type=\"application\/ld+json\" class=\"yoast-schema-graph\">{\"@context\":\"https:\\\/\\\/schema.org\",\"@graph\":[{\"@type\":\"WebPage\",\"@id\":\"https:\\\/\\\/elicromchile.com\\\/?page_id=82278\",\"url\":\"https:\\\/\\\/elicromchile.com\\\/?page_id=82278\",\"name\":\"Micropipetas - ELICROM\",\"isPartOf\":{\"@id\":\"https:\\\/\\\/elicromchile.com\\\/#website\"},\"primaryImageOfPage\":{\"@id\":\"https:\\\/\\\/elicromchile.com\\\/?page_id=82278#primaryimage\"},\"image\":{\"@id\":\"https:\\\/\\\/elicromchile.com\\\/?page_id=82278#primaryimage\"},\"thumbnailUrl\":\"https:\\\/\\\/elicromchile.com\\\/wp-content\\\/uploads\\\/2026\\\/03\\\/micropipet-300x300.png\",\"datePublished\":\"2026-03-13T14:22:29+00:00\",\"dateModified\":\"2026-03-31T16:24:11+00:00\",\"breadcrumb\":{\"@id\":\"https:\\\/\\\/elicromchile.com\\\/?page_id=82278#breadcrumb\"},\"inLanguage\":\"es\",\"potentialAction\":[{\"@type\":\"ReadAction\",\"target\":[\"https:\\\/\\\/elicromchile.com\\\/?page_id=82278\"]}]},{\"@type\":\"ImageObject\",\"inLanguage\":\"es\",\"@id\":\"https:\\\/\\\/elicromchile.com\\\/?page_id=82278#primaryimage\",\"url\":\"https:\\\/\\\/elicromchile.com\\\/wp-content\\\/uploads\\\/2026\\\/03\\\/micropipet.png\",\"contentUrl\":\"https:\\\/\\\/elicromchile.com\\\/wp-content\\\/uploads\\\/2026\\\/03\\\/micropipet.png\",\"width\":1200,\"height\":1200},{\"@type\":\"BreadcrumbList\",\"@id\":\"https:\\\/\\\/elicromchile.com\\\/?page_id=82278#breadcrumb\",\"itemListElement\":[{\"@type\":\"ListItem\",\"position\":1,\"name\":\"Home\",\"item\":\"https:\\\/\\\/elicromchile.com\\\/\"},{\"@type\":\"ListItem\",\"position\":2,\"name\":\"Micropipetas\"}]},{\"@type\":\"WebSite\",\"@id\":\"https:\\\/\\\/elicromchile.com\\\/#website\",\"url\":\"https:\\\/\\\/elicromchile.com\\\/\",\"name\":\"ELICROM\",\"description\":\"Especializados en actividades espec\u00edficas como son las \u00e1reas de Metrolog\u00eda, Medio Ambiente, Validaciones, Mantenimiento de Equipos de Laboratorio y Construcci\u00f3n\\\/Reformas de Laboratorios.\",\"publisher\":{\"@id\":\"https:\\\/\\\/elicromchile.com\\\/#organization\"},\"potentialAction\":[{\"@type\":\"SearchAction\",\"target\":{\"@type\":\"EntryPoint\",\"urlTemplate\":\"https:\\\/\\\/elicromchile.com\\\/?s={search_term_string}\"},\"query-input\":{\"@type\":\"PropertyValueSpecification\",\"valueRequired\":true,\"valueName\":\"search_term_string\"}}],\"inLanguage\":\"es\"},{\"@type\":\"Organization\",\"@id\":\"https:\\\/\\\/elicromchile.com\\\/#organization\",\"name\":\"ELICROM\",\"url\":\"https:\\\/\\\/elicromchile.com\\\/\",\"logo\":{\"@type\":\"ImageObject\",\"inLanguage\":\"es\",\"@id\":\"https:\\\/\\\/elicromchile.com\\\/#\\\/schema\\\/logo\\\/image\\\/\",\"url\":\"\",\"contentUrl\":\"\",\"caption\":\"ELICROM\"},\"image\":{\"@id\":\"https:\\\/\\\/elicromchile.com\\\/#\\\/schema\\\/logo\\\/image\\\/\"}}]}<\/script>\n<!-- \/ Yoast SEO plugin. -->","yoast_head_json":{"title":"Micropipetas - ELICROM","robots":{"index":"index","follow":"follow","max-snippet":"max-snippet:-1","max-image-preview":"max-image-preview:large","max-video-preview":"max-video-preview:-1"},"canonical":"https:\/\/elicromchile.com\/?page_id=82278","og_locale":"es_ES","og_type":"article","og_title":"Micropipetas - ELICROM","og_url":"https:\/\/elicromchile.com\/?page_id=82278","og_site_name":"ELICROM","article_modified_time":"2026-03-31T16:24:11+00:00","og_image":[{"width":1200,"height":1200,"url":"https:\/\/elicromchile.com\/wp-content\/uploads\/2026\/03\/micropipet.png","type":"image\/png"}],"twitter_card":"summary_large_image","twitter_misc":{"Est. reading time":"1 minuto"},"schema":{"@context":"https:\/\/schema.org","@graph":[{"@type":"WebPage","@id":"https:\/\/elicromchile.com\/?page_id=82278","url":"https:\/\/elicromchile.com\/?page_id=82278","name":"Micropipetas - ELICROM","isPartOf":{"@id":"https:\/\/elicromchile.com\/#website"},"primaryImageOfPage":{"@id":"https:\/\/elicromchile.com\/?page_id=82278#primaryimage"},"image":{"@id":"https:\/\/elicromchile.com\/?page_id=82278#primaryimage"},"thumbnailUrl":"https:\/\/elicromchile.com\/wp-content\/uploads\/2026\/03\/micropipet-300x300.png","datePublished":"2026-03-13T14:22:29+00:00","dateModified":"2026-03-31T16:24:11+00:00","breadcrumb":{"@id":"https:\/\/elicromchile.com\/?page_id=82278#breadcrumb"},"inLanguage":"es","potentialAction":[{"@type":"ReadAction","target":["https:\/\/elicromchile.com\/?page_id=82278"]}]},{"@type":"ImageObject","inLanguage":"es","@id":"https:\/\/elicromchile.com\/?page_id=82278#primaryimage","url":"https:\/\/elicromchile.com\/wp-content\/uploads\/2026\/03\/micropipet.png","contentUrl":"https:\/\/elicromchile.com\/wp-content\/uploads\/2026\/03\/micropipet.png","width":1200,"height":1200},{"@type":"BreadcrumbList","@id":"https:\/\/elicromchile.com\/?page_id=82278#breadcrumb","itemListElement":[{"@type":"ListItem","position":1,"name":"Home","item":"https:\/\/elicromchile.com\/"},{"@type":"ListItem","position":2,"name":"Micropipetas"}]},{"@type":"WebSite","@id":"https:\/\/elicromchile.com\/#website","url":"https:\/\/elicromchile.com\/","name":"ELICROM","description":"Especializados en actividades espec\u00edficas como son las \u00e1reas de Metrolog\u00eda, Medio Ambiente, Validaciones, Mantenimiento de Equipos de Laboratorio y Construcci\u00f3n\/Reformas de Laboratorios.","publisher":{"@id":"https:\/\/elicromchile.com\/#organization"},"potentialAction":[{"@type":"SearchAction","target":{"@type":"EntryPoint","urlTemplate":"https:\/\/elicromchile.com\/?s={search_term_string}"},"query-input":{"@type":"PropertyValueSpecification","valueRequired":true,"valueName":"search_term_string"}}],"inLanguage":"es"},{"@type":"Organization","@id":"https:\/\/elicromchile.com\/#organization","name":"ELICROM","url":"https:\/\/elicromchile.com\/","logo":{"@type":"ImageObject","inLanguage":"es","@id":"https:\/\/elicromchile.com\/#\/schema\/logo\/image\/","url":"","contentUrl":"","caption":"ELICROM"},"image":{"@id":"https:\/\/elicromchile.com\/#\/schema\/logo\/image\/"}}]}},"_links":{"self":[{"href":"https:\/\/elicromchile.com\/index.php?rest_route=\/wp\/v2\/pages\/82278","targetHints":{"allow":["GET"]}}],"collection":[{"href":"https:\/\/elicromchile.com\/index.php?rest_route=\/wp\/v2\/pages"}],"about":[{"href":"https:\/\/elicromchile.com\/index.php?rest_route=\/wp\/v2\/types\/page"}],"author":[{"embeddable":true,"href":"https:\/\/elicromchile.com\/index.php?rest_route=\/wp\/v2\/users\/3"}],"replies":[{"embeddable":true,"href":"https:\/\/elicromchile.com\/index.php?rest_route=%2Fwp%2Fv2%2Fcomments&post=82278"}],"version-history":[{"count":7,"href":"https:\/\/elicromchile.com\/index.php?rest_route=\/wp\/v2\/pages\/82278\/revisions"}],"predecessor-version":[{"id":82633,"href":"https:\/\/elicromchile.com\/index.php?rest_route=\/wp\/v2\/pages\/82278\/revisions\/82633"}],"wp:attachment":[{"href":"https:\/\/elicromchile.com\/index.php?rest_route=%2Fwp%2Fv2%2Fmedia&parent=82278"}],"curies":[{"name":"wp","href":"https:\/\/api.w.org\/{rel}","templated":true}]}}