
{"id":82275,"date":"2026-03-13T09:21:43","date_gmt":"2026-03-13T14:21:43","guid":{"rendered":"https:\/\/elicromchile.com\/?page_id=82275"},"modified":"2026-03-31T11:23:55","modified_gmt":"2026-03-31T16:23:55","slug":"datalogger-4","status":"publish","type":"page","link":"https:\/\/elicromchile.com\/?page_id=82275","title":{"rendered":"Datalogger"},"content":{"rendered":"<div class=\"vc_row wpb_row vc_row-fluid\"><div class=\"wpb_column vc_column_container vc_col-sm-12\"><div class=\"vc_column-inner\"><div class=\"wpb_wrapper\">\n\t<div class=\"wpb_text_column wpb_content_element \" >\n\t\t<div class=\"wpb_wrapper\">\n\t\t\t<p><strong><span style=\"color: #419fd2; text-align: center; font-size: 32px;\">TERMOHIGR\u00d3METROS DATALOGGER<\/span><\/strong><br \/>\nTermohigr\u00f3metros certificado ISO 17025 Acreditado por el Servicio de Acreditaci\u00f3n Ecuatoriano SAE y por A2LA  de los Estados Unidos de Am\u00e9rica, calibrado en los puntos: Humedad Relativa (30 %hr, 50 %hr y 75 %hr) a una temperatura fija de 23\u00b0C<\/p>\n<table class=\"tabla-catalogo\">\n<tbody>\n<tr>\n<td>\r\n<div class=\"card-catalogo\">\r\n\r\n<a href=\"https:\/\/elicromchile.com\/?product=46918\" class=\"producto-nombre\">ELC330TH<\/a>\r\n\r\n<a href=\"https:\/\/elicromchile.com\/?product=46918\" class=\"producto-imagen\">\r\n<img loading=\"lazy\" decoding=\"async\" width=\"300\" height=\"300\" src=\"https:\/\/elicromchile.com\/wp-content\/uploads\/2026\/03\/46918-0-300x300.png\" class=\"attachment-medium size-medium wp-post-image\" alt=\"\" srcset=\"https:\/\/elicromchile.com\/wp-content\/uploads\/2026\/03\/46918-0-300x300.png 300w, https:\/\/elicromchile.com\/wp-content\/uploads\/2026\/03\/46918-0-150x150.png 150w, https:\/\/elicromchile.com\/wp-content\/uploads\/2026\/03\/46918-0-768x768.png 768w, https:\/\/elicromchile.com\/wp-content\/uploads\/2026\/03\/46918-0-600x600.png 600w, https:\/\/elicromchile.com\/wp-content\/uploads\/2026\/03\/46918-0-100x100.png 100w, https:\/\/elicromchile.com\/wp-content\/uploads\/2026\/03\/46918-0.png 800w\" sizes=\"auto, (max-width: 300px) 100vw, 300px\" \/>\r\n<\/a>\r\n\r\n<a href=\"https:\/\/elicromchile.com\/?product=46918\" class=\"producto-precio\"><span class=\"electro-price\"><span class=\"woocs_price_code\" data-product-id=\"82445\"><span class=\"woocommerce-Price-amount amount\"><bdi><span class=\"woocommerce-Price-currencySymbol\">&#36;<\/span>&nbsp;79,730.00<\/bdi><\/span><\/span><\/span><\/a>\r\n\r\n<a href=\"?add-to-cart=82445\" \r\nclass=\"button add_to_cart_button ajax_add_to_cart\"\r\ndata-product_id=\"82445\"\r\ndata-quantity=\"1\">\r\nA\u00f1adir al carrito\r\n<\/a>\r\n\r\n<\/div>\r\n<\/td>\n<td>\r\n<div class=\"card-catalogo\">\r\n\r\n<a href=\"https:\/\/elicromchile.com\/?product=21786\" class=\"producto-nombre\">ELC-4HC<\/a>\r\n\r\n<a href=\"https:\/\/elicromchile.com\/?product=21786\" class=\"producto-imagen\">\r\n<img loading=\"lazy\" decoding=\"async\" width=\"300\" height=\"300\" src=\"https:\/\/elicromchile.com\/wp-content\/uploads\/2026\/03\/21786-0-300x300.jpeg\" class=\"attachment-medium size-medium wp-post-image\" alt=\"\" srcset=\"https:\/\/elicromchile.com\/wp-content\/uploads\/2026\/03\/21786-0-300x300.jpeg 300w, https:\/\/elicromchile.com\/wp-content\/uploads\/2026\/03\/21786-0-150x150.jpeg 150w, https:\/\/elicromchile.com\/wp-content\/uploads\/2026\/03\/21786-0-768x768.jpeg 768w, https:\/\/elicromchile.com\/wp-content\/uploads\/2026\/03\/21786-0-600x600.jpeg 600w, https:\/\/elicromchile.com\/wp-content\/uploads\/2026\/03\/21786-0-100x100.jpeg 100w, https:\/\/elicromchile.com\/wp-content\/uploads\/2026\/03\/21786-0.jpeg 800w\" sizes=\"auto, (max-width: 300px) 100vw, 300px\" \/>\r\n<\/a>\r\n\r\n<a href=\"https:\/\/elicromchile.com\/?product=21786\" class=\"producto-precio\"><span class=\"electro-price\"><span class=\"woocs_price_code\" data-product-id=\"82447\"><span class=\"woocommerce-Price-amount amount\"><bdi><span class=\"woocommerce-Price-currencySymbol\">&#36;<\/span>&nbsp;79,730.00<\/bdi><\/span><\/span><\/span><\/a>\r\n\r\n<a href=\"?add-to-cart=82447\" \r\nclass=\"button add_to_cart_button ajax_add_to_cart\"\r\ndata-product_id=\"82447\"\r\ndata-quantity=\"1\">\r\nA\u00f1adir al carrito\r\n<\/a>\r\n\r\n<\/div>\r\n<\/td>\n<td>\r\n<div class=\"card-catalogo\">\r\n\r\n<a href=\"https:\/\/elicromchile.com\/?post_type=product&p=82449\" class=\"producto-nombre\">RC-51H<\/a>\r\n\r\n<a href=\"https:\/\/elicromchile.com\/?post_type=product&p=82449\" class=\"producto-imagen\">\r\n<img loading=\"lazy\" decoding=\"async\" width=\"300\" height=\"300\" src=\"https:\/\/elicromchile.com\/wp-content\/uploads\/2026\/03\/30401-0-300x300.png\" class=\"attachment-medium size-medium wp-post-image\" alt=\"\" srcset=\"https:\/\/elicromchile.com\/wp-content\/uploads\/2026\/03\/30401-0-300x300.png 300w, https:\/\/elicromchile.com\/wp-content\/uploads\/2026\/03\/30401-0-150x150.png 150w, https:\/\/elicromchile.com\/wp-content\/uploads\/2026\/03\/30401-0-768x768.png 768w, https:\/\/elicromchile.com\/wp-content\/uploads\/2026\/03\/30401-0-600x600.png 600w, https:\/\/elicromchile.com\/wp-content\/uploads\/2026\/03\/30401-0-100x100.png 100w, https:\/\/elicromchile.com\/wp-content\/uploads\/2026\/03\/30401-0.png 800w\" sizes=\"auto, (max-width: 300px) 100vw, 300px\" \/>\r\n<\/a>\r\n\r\n<a href=\"https:\/\/elicromchile.com\/?post_type=product&p=82449\" class=\"producto-precio\"><span class=\"electro-price\"><span class=\"woocs_price_code\" data-product-id=\"82449\"><span class=\"woocommerce-Price-amount amount\"><bdi><span class=\"woocommerce-Price-currencySymbol\">&#36;<\/span>&nbsp;79,730.00<\/bdi><\/span><\/span><\/span><\/a>\r\n\r\n<a href=\"?add-to-cart=82449\" \r\nclass=\"button add_to_cart_button ajax_add_to_cart\"\r\ndata-product_id=\"82449\"\r\ndata-quantity=\"1\">\r\nA\u00f1adir al carrito\r\n<\/a>\r\n\r\n<\/div>\r\n<\/td>\n<td>\r\n<div class=\"card-catalogo\">\r\n\r\n<a href=\"https:\/\/elicromchile.com\/?product=46941\" class=\"producto-nombre\">Tlog 10H<\/a>\r\n\r\n<a href=\"https:\/\/elicromchile.com\/?product=46941\" class=\"producto-imagen\">\r\n<img loading=\"lazy\" decoding=\"async\" width=\"300\" height=\"300\" src=\"https:\/\/elicromchile.com\/wp-content\/uploads\/2026\/03\/46941-0-300x300.png\" class=\"attachment-medium size-medium wp-post-image\" alt=\"\" srcset=\"https:\/\/elicromchile.com\/wp-content\/uploads\/2026\/03\/46941-0-300x300.png 300w, https:\/\/elicromchile.com\/wp-content\/uploads\/2026\/03\/46941-0-150x150.png 150w, https:\/\/elicromchile.com\/wp-content\/uploads\/2026\/03\/46941-0-768x768.png 768w, https:\/\/elicromchile.com\/wp-content\/uploads\/2026\/03\/46941-0-600x600.png 600w, https:\/\/elicromchile.com\/wp-content\/uploads\/2026\/03\/46941-0-100x100.png 100w, https:\/\/elicromchile.com\/wp-content\/uploads\/2026\/03\/46941-0.png 800w\" sizes=\"auto, (max-width: 300px) 100vw, 300px\" \/>\r\n<\/a>\r\n\r\n<a href=\"https:\/\/elicromchile.com\/?product=46941\" class=\"producto-precio\"><span class=\"electro-price\"><span class=\"woocs_price_code\" data-product-id=\"82451\"><span class=\"woocommerce-Price-amount amount\"><bdi><span class=\"woocommerce-Price-currencySymbol\">&#36;<\/span>&nbsp;79,730.00<\/bdi><\/span><\/span><\/span><\/a>\r\n\r\n<a href=\"?add-to-cart=82451\" \r\nclass=\"button add_to_cart_button ajax_add_to_cart\"\r\ndata-product_id=\"82451\"\r\ndata-quantity=\"1\">\r\nA\u00f1adir al carrito\r\n<\/a>\r\n\r\n<\/div>\r\n<\/td>\n<\/tr>\n<\/tbody>\n<\/table>\n<table style=\"width: 100%;\" border=\"1\">\n<tbody>\n<tr style=\"background: #419fd2;\">\n<th><\/th>\n<th style=\"text-align: center;\"><strong><span style=\"color: #ffffff; text-align: center; font-size: 18px;\">ELC330TH<\/span><\/strong><\/th>\n<th style=\"text-align: center;\"><strong><span style=\"color: #ffffff; text-align: center; font-size: 18px;\">ELC-4HC<\/span><\/strong><\/th>\n<th style=\"text-align: center;\"><strong><span style=\"color: #ffffff; text-align: center; font-size: 18px;\">RC-51H<\/span><\/strong><\/th>\n<th style=\"text-align: center;\"><strong><span style=\"color: #ffffff; text-align: center; font-size: 18px;\">Tlog 10H<\/span><\/strong><\/th>\n<\/tr>\n<tr>\n<td style=\"background: #e2f6ff;\"><strong>PVP equipo<\/strong><\/td>\n<td style=\"text-align: center;color:#0f0f91\"><strong><a href=\"https:\/\/elicromchile.com\/?product=46918\"><u><span class=\"electro-price\"><span class=\"woocs_price_code\" data-product-id=\"82445\"><span class=\"woocommerce-Price-amount amount\"><bdi><span class=\"woocommerce-Price-currencySymbol\">&#36;<\/span>&nbsp;79,730.00<\/bdi><\/span><\/span><\/span><\/u><\/a><\/strong><\/td>\n<td style=\"text-align: center;color:#0f0f91\"><strong><a href=\"https:\/\/elicromchile.com\/?product=21786\"><u><span class=\"electro-price\"><span class=\"woocs_price_code\" data-product-id=\"82447\"><span class=\"woocommerce-Price-amount amount\"><bdi><span class=\"woocommerce-Price-currencySymbol\">&#36;<\/span>&nbsp;79,730.00<\/bdi><\/span><\/span><\/span><\/u><\/a><\/strong><\/td>\n<td style=\"text-align: center;color:#0f0f91\"><strong><a href=\"https:\/\/elicromchile.com\/?post_type=product&p=82449\"><u><span class=\"electro-price\"><span class=\"woocs_price_code\" data-product-id=\"82449\"><span class=\"woocommerce-Price-amount amount\"><bdi><span class=\"woocommerce-Price-currencySymbol\">&#36;<\/span>&nbsp;79,730.00<\/bdi><\/span><\/span><\/span><\/u><\/a><\/strong><\/td>\n<td style=\"text-align: center;color:#0f0f91\"><strong><a href=\"https:\/\/elicromchile.com\/?product=46941\"><u><span class=\"electro-price\"><span class=\"woocs_price_code\" data-product-id=\"82451\"><span class=\"woocommerce-Price-amount amount\"><bdi><span class=\"woocommerce-Price-currencySymbol\">&#36;<\/span>&nbsp;79,730.00<\/bdi><\/span><\/span><\/span><\/u><\/a><\/strong><\/td>\n<\/tr>\n<tr>\n<td style=\"background: #e2f6ff;\"><strong>Rango Humedad<\/strong><\/td>\n<td style=\"text-align: center;\">0%RH &#8211; 100%RH<\/td>\n<td style=\"text-align: center;\">10%RH &#8211; 99%RH<\/td>\n<td style=\"text-align: center;\">10%RH &#8211; 95%RH<\/td>\n<td style=\"text-align: center;\">0%RH &#8211; 100%RH<\/td>\n<\/tr>\n<tr>\n<td style=\"background: #e2f6ff;\"><strong>Exactitud RH<\/strong><\/td>\n<td style=\"text-align: center;\">&plusmn;2,5% todo el rango<\/td>\n<td style=\"text-align: center;\">&plusmn;3% (20% a 90%),<br \/>\n&plusmn;5% (otro rango)<\/td>\n<td style=\"text-align: center;\">&plusmn;3% (20% a 90%),<br \/>\n&plusmn;5% (otro rango)<\/td>\n<td style=\"text-align: center;\">&plusmn;5% todo el rango<\/td>\n<\/tr>\n<tr>\n<td style=\"background: #e2f6ff;\"><strong> Rango temperatura interna <\/strong><\/td>\n<td style=\"text-align: center;\">(-)30\u00b0C a +70\u00b0C<\/td>\n<td style=\"text-align: center;\">(-)30\u00b0C a +60\u00b0C<\/td>\n<td style=\"text-align: center;\">(-)30\u00b0C a +70\u00b0C<\/td>\n<td style=\"text-align: center;\">(-)30\u00b0C a +70\u00b0C<\/td>\n<\/tr>\n<tr>\n<td style=\"background: #e2f6ff;\"><strong> Exactitud \u00b0C <\/strong><\/td>\n<td style=\"text-align: center;\">&plusmn;0.4 todo el rango<\/td>\n<td style=\"text-align: center;\">&plusmn;0.5% (-20 a 40),<br \/>\n&plusmn;10% (otro rango)<\/td>\n<td style=\"text-align: center;\">&plusmn;0.5% (-20 a 40),<br \/>\n&plusmn;10% (otro rango)<\/td>\n<td style=\"text-align: center;\">&plusmn;0.5 todo el rango<\/td>\n<\/tr>\n<tr>\n<td style=\"background: #e2f6ff;\"><strong> Rango temp. sonda externa <\/strong><\/td>\n<td style=\"text-align: center;\"><\/td>\n<td style=\"text-align: center;\">(-)40\u00b0C a +85\u00b0C<\/td>\n<td style=\"text-align: center;\"><\/td>\n<td style=\"text-align: center;\"><\/td>\n<\/tr>\n<tr>\n<td style=\"background: #e2f6ff;\"><strong> Almacenamiento de lecturas <\/strong><\/td>\n<td style=\"text-align: center;\">64.000<\/td>\n<td style=\"text-align: center;\">16.000<\/td>\n<td style=\"text-align: center;\">32.000<\/td>\n<td style=\"text-align: center;\">32.000<\/td>\n<\/tr>\n<tr>\n<td style=\"background: #e2f6ff;\"><strong> Resoluci\u00f3n <\/strong><\/td>\n<td style=\"text-align: center;\">0,1\u00b0C \/ 0,1%HR<\/td>\n<td style=\"text-align: center;\">0,1\u00b0C \/ 0,1%HR<\/td>\n<td style=\"text-align: center;\">0,1\u00b0C \/ 0,1%HR<\/td>\n<td style=\"text-align: center;\">0,1\u00b0C \/ 0,1%HR<\/td>\n<\/tr>\n<td style=\"background: #e2f6ff;\"><strong> Ajuste de temperatura (OFFSET)<br \/>\nCalibrable <\/strong><\/td>\n<td style=\"text-align: center;\"><img loading=\"lazy\" decoding=\"async\" class=\"alignnone wp-image-143605\" style=\"display: inline;\" src=\"https:\/\/elicrom.com\/wp-content\/uploads\/2026\/03\/checkverde-300x200.png\" alt=\"\" width=\"53\" height=\"35\" \/><\/td>\n<td style=\"text-align: center;\"><\/td>\n<td style=\"text-align: center;\"><\/td>\n<td style=\"text-align: center;\"><\/td>\n<\/tr>\n<td style=\"background: #e2f6ff;\"><strong> Ajuste de humedad(OFFSET)<br \/>\nCalibrable <\/strong><\/td>\n<td style=\"text-align: center;\"><img loading=\"lazy\" decoding=\"async\" class=\"alignnone wp-image-143605\" style=\"display: inline;\" src=\"https:\/\/elicrom.com\/wp-content\/uploads\/2026\/03\/checkverde-300x200.png\" alt=\"\" width=\"53\" height=\"35\" \/><\/td>\n<td style=\"text-align: center;\"><\/td>\n<td style=\"text-align: center;\"><\/td>\n<td style=\"text-align: center;\"><\/td>\n<\/tr>\n<tr>\n<td style=\"background: #e2f6ff;\"><strong>Certificaci\u00f3n <\/strong><\/td>\n<td style=\"text-align: center;\"> CE, UKCA, RoHS<\/td>\n<td style=\"text-align: center;\"> FDA EN12830, CE, RoHS<\/td>\n<td style=\"text-align: center;\"> FDA EN12830, CE, RoHS<\/td>\n<td style=\"text-align: center;\"><\/td>\n<\/tr>\n<tr>\n<td style=\"background: #e2f6ff;\"><strong>Cumplimiento <\/strong><\/td>\n<td style=\"text-align: center;\"><\/td>\n<td style=\"text-align: center;\"> CE (EN12830), RoHS,<br \/>\nFDA (21CFR)<\/td>\n<td style=\"text-align: center;\"> CE (EN12830), RoHS,<br \/>\nFDA (21CFR)<\/td>\n<td style=\"text-align: center;\"><\/td>\n<\/tr>\n<tr>\n<td style=\"background: #e2f6ff;\"><strong>Bater\u00eda <\/strong><\/td>\n<td style=\"text-align: center;\"> CR2032<\/td>\n<td style=\"text-align: center;\"> CR2450<\/td>\n<td style=\"text-align: center;\"> ER14250<\/td>\n<td style=\"text-align: center;\"> CR2450<\/td>\n<\/tr>\n<tr>\n<td style=\"background: #e2f6ff;\"><strong>Peso neto <\/strong><\/td>\n<td style=\"text-align: center;\"> 58 g<\/td>\n<td style=\"text-align: center;\"> 35 g<\/td>\n<td style=\"text-align: center;\"> 60 g<\/td>\n<td style=\"text-align: center;\"> 70 g<\/td>\n<\/tr>\n<tr>\n<td style=\"background: #e2f6ff;\"><strong>Tama\u00f1o <\/strong><\/td>\n<td style=\"text-align: center;\"> 38x105x14 mm<\/td>\n<td style=\"text-align: center;\"> 44x84x20 mm<\/td>\n<td style=\"text-align: center;\"> 24x131x7 mm<\/td>\n<td style=\"text-align: center;\"> 7x115x16 mm<\/td>\n<\/tr>\n<tr>\n<td style=\"background: #e2f6ff;\"><strong>Intervalo de registro <\/strong><\/td>\n<td style=\"text-align: center;\"> 10s &#8211; 24 horas<br \/>\nprogramable<\/td>\n<td style=\"text-align: center;\"> 10s &#8211; 24 horas<br \/>\nprogramable<\/td>\n<td style=\"text-align: center;\"> 10s &#8211; 24 horas<br \/>\nprogramable<\/td>\n<td style=\"text-align: center;\"> 10s &#8211; 24 horas<br \/>\nprogramable<\/td>\n<\/tr>\n<tr>\n<td style=\"background: #e2f6ff;\"><strong>Duraci\u00f3n bater\u00eda (15 minutos de<br \/>\nintervalo con condiciones normales) <\/strong><\/td>\n<td style=\"text-align: center;\"> m\u00e1s de 1 a\u00f1o<\/td>\n<td style=\"text-align: center;\"> m\u00e1s de 1 a\u00f1o<\/td>\n<td style=\"text-align: center;\"> 2 a\u00f1os<\/td>\n<td style=\"text-align: center;\"> 2 a\u00f1os<\/td>\n<\/tr>\n<\/tbody>\n<\/table>\n\n\t\t<\/div>\n\t<\/div>\n<\/div><\/div><\/div><\/div><div class=\"vc_row wpb_row vc_row-fluid\"><div class=\"wpb_column vc_column_container vc_col-sm-12\"><div class=\"vc_column-inner\"><div class=\"wpb_wrapper\">\n\t<div class=\"wpb_raw_code wpb_raw_js\" >\n\t\t<div class=\"wpb_wrapper\">\n\t\t\t<script>\njQuery(function($){\n\n    \/\/ abrir men\u00fa principal\n    $('.departments-menu-v2 > .dropdown')\n        .addClass('open')\n        .children('.dropdown-menu')\n        .addClass('show');\n\n    \/\/ CLAVE: eliminar display:none inline\n    $('.departments-menu-v2 .sub-menu').removeAttr('style');\n\n});\n<\/script>\n\t\t<\/div>\n\t<\/div>\n<\/div><\/div><\/div><\/div>\n","protected":false},"excerpt":{"rendered":"TERMOHIGR\u00d3METROS DATALOGGER Termohigr\u00f3metros certificado ISO 17025 Acreditado por el Servicio de Acreditaci\u00f3n Ecuatoriano SAE y por A2LA de los Estados Unidos de Am\u00e9rica, calibrado en los puntos: Humedad Relativa (30","protected":false},"author":3,"featured_media":0,"parent":0,"menu_order":0,"comment_status":"closed","ping_status":"closed","template":"template-page-sidebar-left.php","meta":{"footnotes":""},"class_list":["post-82275","page","type-page","status-publish","hentry"],"yoast_head":"<!-- This site is optimized with the Yoast SEO plugin v27.4 - https:\/\/yoast.com\/product\/yoast-seo-wordpress\/ -->\n<title>Datalogger - ELICROM<\/title>\n<meta name=\"robots\" content=\"index, follow, max-snippet:-1, max-image-preview:large, max-video-preview:-1\" \/>\n<link rel=\"canonical\" href=\"https:\/\/elicromchile.com\/?page_id=82275\" \/>\n<meta property=\"og:locale\" content=\"es_ES\" \/>\n<meta property=\"og:type\" content=\"article\" \/>\n<meta property=\"og:title\" content=\"Datalogger - ELICROM\" \/>\n<meta property=\"og:url\" content=\"https:\/\/elicromchile.com\/?page_id=82275\" \/>\n<meta property=\"og:site_name\" content=\"ELICROM\" \/>\n<meta property=\"article:modified_time\" content=\"2026-03-31T16:23:55+00:00\" \/>\n<meta property=\"og:image\" content=\"https:\/\/elicrom.com\/wp-content\/uploads\/2026\/03\/checkverde-300x200.png\" \/>\n<meta name=\"twitter:card\" content=\"summary_large_image\" \/>\n<meta name=\"twitter:label1\" content=\"Est. reading time\" \/>\n\t<meta name=\"twitter:data1\" content=\"2 minutos\" \/>\n<script type=\"application\/ld+json\" class=\"yoast-schema-graph\">{\"@context\":\"https:\\\/\\\/schema.org\",\"@graph\":[{\"@type\":\"WebPage\",\"@id\":\"https:\\\/\\\/elicromchile.com\\\/?page_id=82275\",\"url\":\"https:\\\/\\\/elicromchile.com\\\/?page_id=82275\",\"name\":\"Datalogger - ELICROM\",\"isPartOf\":{\"@id\":\"https:\\\/\\\/elicromchile.com\\\/#website\"},\"primaryImageOfPage\":{\"@id\":\"https:\\\/\\\/elicromchile.com\\\/?page_id=82275#primaryimage\"},\"image\":{\"@id\":\"https:\\\/\\\/elicromchile.com\\\/?page_id=82275#primaryimage\"},\"thumbnailUrl\":\"https:\\\/\\\/elicrom.com\\\/wp-content\\\/uploads\\\/2026\\\/03\\\/checkverde-300x200.png\",\"datePublished\":\"2026-03-13T14:21:43+00:00\",\"dateModified\":\"2026-03-31T16:23:55+00:00\",\"breadcrumb\":{\"@id\":\"https:\\\/\\\/elicromchile.com\\\/?page_id=82275#breadcrumb\"},\"inLanguage\":\"es\",\"potentialAction\":[{\"@type\":\"ReadAction\",\"target\":[\"https:\\\/\\\/elicromchile.com\\\/?page_id=82275\"]}]},{\"@type\":\"ImageObject\",\"inLanguage\":\"es\",\"@id\":\"https:\\\/\\\/elicromchile.com\\\/?page_id=82275#primaryimage\",\"url\":\"https:\\\/\\\/elicrom.com\\\/wp-content\\\/uploads\\\/2026\\\/03\\\/checkverde-300x200.png\",\"contentUrl\":\"https:\\\/\\\/elicrom.com\\\/wp-content\\\/uploads\\\/2026\\\/03\\\/checkverde-300x200.png\"},{\"@type\":\"BreadcrumbList\",\"@id\":\"https:\\\/\\\/elicromchile.com\\\/?page_id=82275#breadcrumb\",\"itemListElement\":[{\"@type\":\"ListItem\",\"position\":1,\"name\":\"Home\",\"item\":\"https:\\\/\\\/elicromchile.com\\\/\"},{\"@type\":\"ListItem\",\"position\":2,\"name\":\"Datalogger\"}]},{\"@type\":\"WebSite\",\"@id\":\"https:\\\/\\\/elicromchile.com\\\/#website\",\"url\":\"https:\\\/\\\/elicromchile.com\\\/\",\"name\":\"ELICROM\",\"description\":\"Especializados en actividades espec\u00edficas como son las \u00e1reas de Metrolog\u00eda, Medio Ambiente, Validaciones, Mantenimiento de Equipos de Laboratorio y Construcci\u00f3n\\\/Reformas de Laboratorios.\",\"publisher\":{\"@id\":\"https:\\\/\\\/elicromchile.com\\\/#organization\"},\"potentialAction\":[{\"@type\":\"SearchAction\",\"target\":{\"@type\":\"EntryPoint\",\"urlTemplate\":\"https:\\\/\\\/elicromchile.com\\\/?s={search_term_string}\"},\"query-input\":{\"@type\":\"PropertyValueSpecification\",\"valueRequired\":true,\"valueName\":\"search_term_string\"}}],\"inLanguage\":\"es\"},{\"@type\":\"Organization\",\"@id\":\"https:\\\/\\\/elicromchile.com\\\/#organization\",\"name\":\"ELICROM\",\"url\":\"https:\\\/\\\/elicromchile.com\\\/\",\"logo\":{\"@type\":\"ImageObject\",\"inLanguage\":\"es\",\"@id\":\"https:\\\/\\\/elicromchile.com\\\/#\\\/schema\\\/logo\\\/image\\\/\",\"url\":\"\",\"contentUrl\":\"\",\"caption\":\"ELICROM\"},\"image\":{\"@id\":\"https:\\\/\\\/elicromchile.com\\\/#\\\/schema\\\/logo\\\/image\\\/\"}}]}<\/script>\n<!-- \/ Yoast SEO plugin. -->","yoast_head_json":{"title":"Datalogger - ELICROM","robots":{"index":"index","follow":"follow","max-snippet":"max-snippet:-1","max-image-preview":"max-image-preview:large","max-video-preview":"max-video-preview:-1"},"canonical":"https:\/\/elicromchile.com\/?page_id=82275","og_locale":"es_ES","og_type":"article","og_title":"Datalogger - ELICROM","og_url":"https:\/\/elicromchile.com\/?page_id=82275","og_site_name":"ELICROM","article_modified_time":"2026-03-31T16:23:55+00:00","og_image":[{"url":"https:\/\/elicrom.com\/wp-content\/uploads\/2026\/03\/checkverde-300x200.png","type":"","width":"","height":""}],"twitter_card":"summary_large_image","twitter_misc":{"Est. reading time":"2 minutos"},"schema":{"@context":"https:\/\/schema.org","@graph":[{"@type":"WebPage","@id":"https:\/\/elicromchile.com\/?page_id=82275","url":"https:\/\/elicromchile.com\/?page_id=82275","name":"Datalogger - ELICROM","isPartOf":{"@id":"https:\/\/elicromchile.com\/#website"},"primaryImageOfPage":{"@id":"https:\/\/elicromchile.com\/?page_id=82275#primaryimage"},"image":{"@id":"https:\/\/elicromchile.com\/?page_id=82275#primaryimage"},"thumbnailUrl":"https:\/\/elicrom.com\/wp-content\/uploads\/2026\/03\/checkverde-300x200.png","datePublished":"2026-03-13T14:21:43+00:00","dateModified":"2026-03-31T16:23:55+00:00","breadcrumb":{"@id":"https:\/\/elicromchile.com\/?page_id=82275#breadcrumb"},"inLanguage":"es","potentialAction":[{"@type":"ReadAction","target":["https:\/\/elicromchile.com\/?page_id=82275"]}]},{"@type":"ImageObject","inLanguage":"es","@id":"https:\/\/elicromchile.com\/?page_id=82275#primaryimage","url":"https:\/\/elicrom.com\/wp-content\/uploads\/2026\/03\/checkverde-300x200.png","contentUrl":"https:\/\/elicrom.com\/wp-content\/uploads\/2026\/03\/checkverde-300x200.png"},{"@type":"BreadcrumbList","@id":"https:\/\/elicromchile.com\/?page_id=82275#breadcrumb","itemListElement":[{"@type":"ListItem","position":1,"name":"Home","item":"https:\/\/elicromchile.com\/"},{"@type":"ListItem","position":2,"name":"Datalogger"}]},{"@type":"WebSite","@id":"https:\/\/elicromchile.com\/#website","url":"https:\/\/elicromchile.com\/","name":"ELICROM","description":"Especializados en actividades espec\u00edficas como son las \u00e1reas de Metrolog\u00eda, Medio Ambiente, Validaciones, Mantenimiento de Equipos de Laboratorio y Construcci\u00f3n\/Reformas de Laboratorios.","publisher":{"@id":"https:\/\/elicromchile.com\/#organization"},"potentialAction":[{"@type":"SearchAction","target":{"@type":"EntryPoint","urlTemplate":"https:\/\/elicromchile.com\/?s={search_term_string}"},"query-input":{"@type":"PropertyValueSpecification","valueRequired":true,"valueName":"search_term_string"}}],"inLanguage":"es"},{"@type":"Organization","@id":"https:\/\/elicromchile.com\/#organization","name":"ELICROM","url":"https:\/\/elicromchile.com\/","logo":{"@type":"ImageObject","inLanguage":"es","@id":"https:\/\/elicromchile.com\/#\/schema\/logo\/image\/","url":"","contentUrl":"","caption":"ELICROM"},"image":{"@id":"https:\/\/elicromchile.com\/#\/schema\/logo\/image\/"}}]}},"_links":{"self":[{"href":"https:\/\/elicromchile.com\/index.php?rest_route=\/wp\/v2\/pages\/82275","targetHints":{"allow":["GET"]}}],"collection":[{"href":"https:\/\/elicromchile.com\/index.php?rest_route=\/wp\/v2\/pages"}],"about":[{"href":"https:\/\/elicromchile.com\/index.php?rest_route=\/wp\/v2\/types\/page"}],"author":[{"embeddable":true,"href":"https:\/\/elicromchile.com\/index.php?rest_route=\/wp\/v2\/users\/3"}],"replies":[{"embeddable":true,"href":"https:\/\/elicromchile.com\/index.php?rest_route=%2Fwp%2Fv2%2Fcomments&post=82275"}],"version-history":[{"count":5,"href":"https:\/\/elicromchile.com\/index.php?rest_route=\/wp\/v2\/pages\/82275\/revisions"}],"predecessor-version":[{"id":82632,"href":"https:\/\/elicromchile.com\/index.php?rest_route=\/wp\/v2\/pages\/82275\/revisions\/82632"}],"wp:attachment":[{"href":"https:\/\/elicromchile.com\/index.php?rest_route=%2Fwp%2Fv2%2Fmedia&parent=82275"}],"curies":[{"name":"wp","href":"https:\/\/api.w.org\/{rel}","templated":true}]}}